{"id":1255,"date":"2024-06-25T10:49:54","date_gmt":"2024-06-25T08:49:54","guid":{"rendered":"https:\/\/simpozij14.hdzz.hr\/?page_id=1255"},"modified":"2024-11-04T09:44:38","modified_gmt":"2024-11-04T08:44:38","slug":"accommodation","status":"publish","type":"page","link":"https:\/\/simpozij14.hdzz.hr\/en\/general\/accommodation\/","title":{"rendered":"Accommodation"},"content":{"rendered":"\t\t<div data-elementor-type=\"wp-page\" data-elementor-id=\"1255\" class=\"elementor elementor-1255 elementor-269\" data-elementor-post-type=\"page\">\n\t\t\t\t\t\t<section class=\"elementor-section elementor-top-section elementor-element elementor-element-210605a elementor-section-full_width elementor-section-height-default elementor-section-height-default\" data-id=\"210605a\" data-element_type=\"section\" data-settings=\"{&quot;background_background&quot;:&quot;gradient&quot;}\">\n\t\t\t\t\t\t<div class=\"elementor-container elementor-column-gap-default\">\n\t\t\t\t\t<div class=\"elementor-column elementor-col-50 elementor-top-column elementor-element elementor-element-e61df33\" data-id=\"e61df33\" data-element_type=\"column\">\n\t\t\t<div class=\"elementor-widget-wrap elementor-element-populated\">\n\t\t\t\t\t<div class=\"elementor-background-overlay\"><\/div>\n\t\t\t\t\t\t<div class=\"elementor-element elementor-element-8054a28 elementor-widget elementor-widget-heading\" data-id=\"8054a28\" data-element_type=\"widget\" data-widget_type=\"heading.default\">\n\t\t\t\t<div class=\"elementor-widget-container\">\n\t\t\t\t\t<h4 class=\"elementor-heading-title elementor-size-default\">Accomodation<\/h4>\t\t\t\t<\/div>\n\t\t\t\t<\/div>\n\t\t\t\t<div class=\"elementor-element elementor-element-baa9cb4 elementor-widget__width-initial elementor-widget-mobile__width-inherit elementor-widget elementor-widget-jkit_animated_text\" data-id=\"baa9cb4\" data-element_type=\"widget\" data-widget_type=\"jkit_animated_text.default\">\n\t\t\t\t<div class=\"elementor-widget-container\">\n\t\t\t\t\t<div  class=\"jeg-elementor-kit jkit-animated-text jeg_module___69f4781396c41\"  data-style=\"highlighted\" data-text=\"CRPA \" data-shape=\"underline\"><h1 class=\"animated-text\"><span class=\"normal-text style-color\">14\u1d40\u1d34 <\/span><span class=\"dynamic-wrapper style-color\"><span class=\"dynamic-text\">CRPA <\/span><svg xmlns=\"http:\/\/www.w3.org\/2000\/svg\" viewBox=\"0 0 500 150\" preserveAspectRatio=\"none\"><path class=\"style-color\"  d=\"M3,77.5s200.54-11,493,0\" transform=\"translate(-2.75 -68.11)\"\/><\/svg><\/span><span class=\"normal-text style-color\"> SYMPOSIUM <\/span><\/h1><\/div>\t\t\t\t<\/div>\n\t\t\t\t<\/div>\n\t\t\t\t<div class=\"elementor-element elementor-element-47240b8 elementor-invisible elementor-widget elementor-widget-heading\" data-id=\"47240b8\" data-element_type=\"widget\" data-settings=\"{&quot;_animation&quot;:&quot;fadeInUp&quot;}\" data-widget_type=\"heading.default\">\n\t\t\t\t<div class=\"elementor-widget-container\">\n\t\t\t\t\t<h4 class=\"elementor-heading-title elementor-size-default\">WITH INTERNATIONAL PARTICIPATION<\/h4>\t\t\t\t<\/div>\n\t\t\t\t<\/div>\n\t\t\t\t\t<\/div>\n\t\t<\/div>\n\t\t\t\t<div class=\"elementor-column elementor-col-50 elementor-top-column elementor-element elementor-element-44a0fc2\" data-id=\"44a0fc2\" data-element_type=\"column\">\n\t\t\t<div class=\"elementor-widget-wrap elementor-element-populated\">\n\t\t\t\t\t<div class=\"elementor-background-overlay\"><\/div>\n\t\t\t\t\t\t<div class=\"elementor-element elementor-element-9bde57d elementor-widget elementor-widget-text-editor\" data-id=\"9bde57d\" data-element_type=\"widget\" data-widget_type=\"text-editor.default\">\n\t\t\t\t<div class=\"elementor-widget-container\">\n\t\t\t\t\t\t\t\t\tChallenges in radioactive waste management\t\t\t\t\t\t\t\t<\/div>\n\t\t\t\t<\/div>\n\t\t\t\t\t<\/div>\n\t\t<\/div>\n\t\t\t\t\t<\/div>\n\t\t<\/section>\n\t\t<div class=\"elementor-element elementor-element-5369a05 e-flex e-con-boxed e-con e-parent\" data-id=\"5369a05\" data-element_type=\"container\">\n\t\t\t\t\t<div class=\"e-con-inner\">\n\t\t\t\t<div class=\"elementor-element elementor-element-d83f6e4 elementor-widget__width-inherit elementor-invisible elementor-widget elementor-widget-heading\" data-id=\"d83f6e4\" data-element_type=\"widget\" data-settings=\"{&quot;_animation&quot;:&quot;fadeIn&quot;,&quot;_animation_delay&quot;:&quot;100&quot;}\" data-widget_type=\"heading.default\">\n\t\t\t\t<div class=\"elementor-widget-container\">\n\t\t\t\t\t<h2 class=\"elementor-heading-title elementor-size-default\">Book accommodation<\/h2>\t\t\t\t<\/div>\n\t\t\t\t<\/div>\n\t\t\t\t<div class=\"elementor-element elementor-element-2479a24 elementor-widget elementor-widget-text-editor\" data-id=\"2479a24\" data-element_type=\"widget\" data-widget_type=\"text-editor.default\">\n\t\t\t\t<div class=\"elementor-widget-container\">\n\t\t\t\t\t\t\t\t\tThe reservation of accommodation is the responsibility of each participant!\t\t\t\t\t\t\t\t<\/div>\n\t\t\t\t<\/div>\n\t\t\t\t<div class=\"elementor-element elementor-element-85da821 elementor-widget elementor-widget-wp-widget-gform_widget\" data-id=\"85da821\" data-element_type=\"widget\" data-widget_type=\"wp-widget-gform_widget.default\">\n\t\t\t\t<div class=\"elementor-widget-container\">\n\t\t\t\t\t<script src=\"https:\/\/simpozij14.hdzz.hr\/wp-includes\/js\/dist\/dom-ready.min.js?ver=f77871ff7694fffea381\" id=\"wp-dom-ready-js\"><\/script>\n<script src=\"https:\/\/simpozij14.hdzz.hr\/wp-includes\/js\/dist\/hooks.min.js?ver=dd5603f07f9220ed27f1\" id=\"wp-hooks-js\"><\/script>\n<script src=\"https:\/\/simpozij14.hdzz.hr\/wp-includes\/js\/dist\/i18n.min.js?ver=c26c3dc7bed366793375\" id=\"wp-i18n-js\"><\/script>\n<script id=\"wp-i18n-js-after\">\nwp.i18n.setLocaleData( { 'text direction\\u0004ltr': [ 'ltr' ] } );\n\/\/# sourceURL=wp-i18n-js-after\n<\/script>\n<script src=\"https:\/\/simpozij14.hdzz.hr\/wp-includes\/js\/dist\/a11y.min.js?ver=cb460b4676c94bd228ed\" id=\"wp-a11y-js\"><\/script>\n<script src=\"https:\/\/simpozij14.hdzz.hr\/wp-includes\/js\/jquery\/jquery.min.js?ver=3.7.1\" id=\"jquery-core-js\"><\/script>\n<script src=\"https:\/\/simpozij14.hdzz.hr\/wp-includes\/js\/jquery\/jquery-migrate.min.js?ver=3.4.1\" id=\"jquery-migrate-js\"><\/script>\n<script defer='defer' src=\"https:\/\/simpozij14.hdzz.hr\/wp-content\/plugins\/gravityforms\/js\/jquery.json.min.js?ver=2.10.1\" id=\"gform_json-js\"><\/script>\n<script id=\"gform_gravityforms-js-extra\">\nvar gf_global = {\"gf_currency_config\":{\"name\":\"Euro\",\"symbol_left\":\"\",\"symbol_right\":\"&#8364;\",\"symbol_padding\":\" \",\"thousand_separator\":\".\",\"decimal_separator\":\",\",\"decimals\":2,\"code\":\"EUR\"},\"base_url\":\"https:\/\/simpozij14.hdzz.hr\/wp-content\/plugins\/gravityforms\",\"number_formats\":[],\"spinnerUrl\":\"https:\/\/simpozij14.hdzz.hr\/wp-content\/plugins\/gravityforms\/images\/spinner.svg\",\"version_hash\":\"8f2f00e5d11772836060cc9357e9ddc5\",\"strings\":{\"newRowAdded\":\"New row added.\",\"rowRemoved\":\"Row removed\",\"formSaved\":\"The form has been saved.  The content contains the link to return and complete the form.\"}};\n\/\/# sourceURL=gform_gravityforms-js-extra\n<\/script>\n<script defer='defer' src=\"https:\/\/simpozij14.hdzz.hr\/wp-content\/plugins\/gravityforms\/js\/gravityforms.min.js?ver=2.10.1\" id=\"gform_gravityforms-js\"><\/script>\n<script id=\"gform_conditional_logic-js-extra\">\nvar gf_legacy = {\"is_legacy\":\"\"};\n\/\/# sourceURL=gform_conditional_logic-js-extra\n<\/script>\n<script defer='defer' src=\"https:\/\/simpozij14.hdzz.hr\/wp-content\/plugins\/gravityforms\/js\/conditional_logic.min.js?ver=2.10.1\" id=\"gform_conditional_logic-js\"><\/script>\n<script src=\"https:\/\/simpozij14.hdzz.hr\/wp-includes\/js\/jquery\/ui\/core.min.js?ver=1.13.3\" id=\"jquery-ui-core-js\"><\/script>\n<script src=\"https:\/\/simpozij14.hdzz.hr\/wp-includes\/js\/jquery\/ui\/datepicker.min.js?ver=1.13.3\" id=\"jquery-ui-datepicker-js\"><\/script>\n<script defer='defer' src=\"https:\/\/simpozij14.hdzz.hr\/wp-content\/plugins\/gravityforms\/js\/datepicker-legacy.min.js?ver=2.10.1\" id=\"gform_datepicker_legacy-js\"><\/script>\n<script defer='defer' src=\"https:\/\/simpozij14.hdzz.hr\/wp-content\/plugins\/gravityforms\/js\/datepicker.min.js?ver=2.10.1\" id=\"gform_datepicker_init-js\"><\/script>\n<script defer='defer' src=\"https:\/\/simpozij14.hdzz.hr\/wp-content\/plugins\/gravityforms\/js\/placeholders.jquery.min.js?ver=2.10.1\" id=\"gform_placeholder-js\"><\/script>\n\t\t\t\t<\/div>\n\t\t\t\t<\/div>\n\t\t\t\t\t<\/div>\n\t\t\t\t<\/div>\n\t\t<div class=\"elementor-element elementor-element-9cae737 e-flex e-con-boxed e-con e-parent\" data-id=\"9cae737\" data-element_type=\"container\">\n\t\t\t\t\t<div class=\"e-con-inner\">\n\t\t\t\t<div class=\"elementor-element elementor-element-53a3d72 elementor-widget elementor-widget-html\" data-id=\"53a3d72\" data-element_type=\"widget\" data-widget_type=\"html.default\">\n\t\t\t\t<div class=\"elementor-widget-container\">\n\t\t\t\t\t<div class=\"su-table su-table-alternate\"><table>\r\n<tr>\r\n\t<td><b>Room service<\/b><\/td>\r\n\t<td><b>Room<\/b><\/td>\r\n         <td><b>Price per person and day<\/b><\/td>\r\n<\/tr>\r\n<tr>\r\n\t<td>Bed and breakfast <\/td>\r\n\t<td>Single<\/td>\r\n        <td>85,00 \u20ac<\/td>\r\n<\/tr>\r\n<tr>\r\n\t<td>Bed and breakfast <\/td>\r\n\t<td>Double <\/td>\r\n        <td>55,00 \u20ac<\/td>\r\n<\/tr>\r\n<tr>\r\n\t<td>Half board <\/td>\r\n\t<td>Single<\/td>\r\n        <td>105,00 \u20ac<\/td>\r\n<\/tr>\r\n<tr>\r\n\t<td>Half board <\/td>\r\n\t<td>Double <\/td>\r\n        <td>75,00 \u20ac<\/td>\r\n<\/tr>\r\n<\/table><\/div>\t\t\t\t<\/div>\n\t\t\t\t<\/div>\n\t\t\t\t\t<\/div>\n\t\t\t\t<\/div>\n\t\t\t\t<section class=\"elementor-section elementor-top-section elementor-element elementor-element-4a7e13b elementor-section-boxed elementor-section-height-default elementor-section-height-default\" data-id=\"4a7e13b\" data-element_type=\"section\">\n\t\t\t\t\t\t<div class=\"elementor-container elementor-column-gap-default\">\n\t\t\t\t\t<div class=\"elementor-column elementor-col-66 elementor-top-column elementor-element elementor-element-6123f56\" data-id=\"6123f56\" data-element_type=\"column\">\n\t\t\t<div class=\"elementor-widget-wrap elementor-element-populated\">\n\t\t\t\t\t\t<div class=\"elementor-element elementor-element-4b8864c elementor-widget elementor-widget-google_maps\" data-id=\"4b8864c\" data-element_type=\"widget\" data-widget_type=\"google_maps.default\">\n\t\t\t\t<div class=\"elementor-widget-container\">\n\t\t\t\t\t\t\t<div class=\"elementor-custom-embed\">\n\t\t\t<iframe loading=\"lazy\"\n\t\t\t\t\tsrc=\"https:\/\/maps.google.com\/maps?q=Hotel%20Imperial%20Vodice&#038;t=m&#038;z=10&#038;output=embed&#038;iwloc=near\"\n\t\t\t\t\ttitle=\"Hotel Imperial Vodice\"\n\t\t\t\t\taria-label=\"Hotel Imperial Vodice\"\n\t\t\t><\/iframe>\n\t\t<\/div>\n\t\t\t\t\t\t<\/div>\n\t\t\t\t<\/div>\n\t\t\t\t\t<\/div>\n\t\t<\/div>\n\t\t\t\t<div class=\"elementor-column elementor-col-33 elementor-top-column elementor-element elementor-element-25af341\" data-id=\"25af341\" data-element_type=\"column\">\n\t\t\t<div class=\"elementor-widget-wrap elementor-element-populated\">\n\t\t\t\t\t\t<div class=\"elementor-element elementor-element-dc332dd elementor-widget-tablet__width-initial elementor-widget-mobile__width-inherit jkit-equal-height-disable elementor-widget elementor-widget-jkit_icon_box\" data-id=\"dc332dd\" data-element_type=\"widget\" data-widget_type=\"jkit_icon_box.default\">\n\t\t\t\t<div class=\"elementor-widget-container\">\n\t\t\t\t\t<div  class=\"jeg-elementor-kit jkit-icon-box icon-position-left elementor-animation- jeg_module__1_69f47813a41a6\" ><div class=\"jkit-icon-box-wrapper hover-from-left\"><div class=\"icon-box icon-box-header elementor-animation-\"><div class=\"icon style-color\"><i aria-hidden=\"true\" class=\"jki jki-calendar2-light\"><\/i><\/div><\/div><div class=\"icon-box icon-box-body\">\n                <h4 class=\"title\">DATE<\/h4><p class=\"icon-box-description\">1 \u2013 4 April  2025\n<\/p>\n            <\/div>\n            \n            <\/div><\/div>\t\t\t\t<\/div>\n\t\t\t\t<\/div>\n\t\t\t\t<div class=\"elementor-element elementor-element-b7ddb0b elementor-widget-tablet__width-initial elementor-widget-mobile__width-inherit jkit-equal-height-disable elementor-widget elementor-widget-jkit_icon_box\" data-id=\"b7ddb0b\" data-element_type=\"widget\" data-widget_type=\"jkit_icon_box.default\">\n\t\t\t\t<div class=\"elementor-widget-container\">\n\t\t\t\t\t<div  class=\"jeg-elementor-kit jkit-icon-box icon-position-left elementor-animation- jeg_module__2_69f47813a5309\" ><div class=\"jkit-icon-box-wrapper hover-from-left\"><div class=\"icon-box icon-box-header elementor-animation-\"><div class=\"icon style-color\"><i aria-hidden=\"true\" class=\"jki jki-map-pin-line\"><\/i><\/div><\/div><div class=\"icon-box icon-box-body\">\n                <h4 class=\"title\">LOCATION<\/h4><p class=\"icon-box-description\">Vodice, hotel Imperial Park<\/p>\n            <\/div>\n            \n            <\/div><\/div>\t\t\t\t<\/div>\n\t\t\t\t<\/div>\n\t\t\t\t<div class=\"elementor-element elementor-element-cec27de elementor-widget__width-inherit elementor-widget elementor-widget-text-editor\" data-id=\"cec27de\" data-element_type=\"widget\" data-widget_type=\"text-editor.default\">\n\t\t\t\t<div class=\"elementor-widget-container\">\n\t\t\t\t\t\t\t\t\t<p>The symposium will take place at the Imperial Park Hotel, Vodice, Croatia.<\/p><p>Accommodation reservation guarantee at the indicated prices until 7 March 2025<\/p>\t\t\t\t\t\t\t\t<\/div>\n\t\t\t\t<\/div>\n\t\t\t\t\t<\/div>\n\t\t<\/div>\n\t\t\t\t\t<\/div>\n\t\t<\/section>\n\t\t\t\t<\/div>\n\t\t","protected":false},"excerpt":{"rendered":"<p>Accomodation 14\u1d40\u1d34 CRPA SYMPOSIUM WITH INTERNATIONAL PARTICIPATION Challenges in radioactive waste management Book accommodation The reservation of accommodation is the responsibility of each participant! DATE 1 \u2013 4 April 2025 LOCATION Vodice, hotel Imperial Park The symposium will take place at the Imperial Park Hotel, Vodice, Croatia. Accommodation reservation guarantee at the indicated prices until [&hellip;]<\/p>\n","protected":false},"author":2,"featured_media":0,"parent":1200,"menu_order":0,"comment_status":"closed","ping_status":"closed","template":"","meta":{"footnotes":"","_links_to":"","_links_to_target":""},"class_list":["post-1255","page","type-page","status-publish","hentry"],"yoast_head":"<!-- This site is optimized with the Yoast SEO plugin v25.0 - https:\/\/yoast.com\/wordpress\/plugins\/seo\/ -->\n<title>Accommodation - 14. simpozij Hrvatskog dru\u0161tva za za\u0161titu od zra\u010denja<\/title>\n<meta name=\"robots\" content=\"index, follow, max-snippet:-1, max-image-preview:large, max-video-preview:-1\" \/>\n<link rel=\"canonical\" href=\"https:\/\/simpozij14.hdzz.hr\/en\/general\/accommodation\/\" \/>\n<meta property=\"og:locale\" content=\"en_US\" \/>\n<meta property=\"og:type\" content=\"article\" \/>\n<meta property=\"og:title\" content=\"Accommodation - 14. simpozij Hrvatskog dru\u0161tva za za\u0161titu od zra\u010denja\" \/>\n<meta property=\"og:description\" content=\"Accomodation 14\u1d40\u1d34 CRPA SYMPOSIUM WITH INTERNATIONAL PARTICIPATION Challenges in radioactive waste management Book accommodation The reservation of accommodation is the responsibility of each participant! DATE 1 \u2013 4 April 2025 LOCATION Vodice, hotel Imperial Park The symposium will take place at the Imperial Park Hotel, Vodice, Croatia. Accommodation reservation guarantee at the indicated prices until [&hellip;]\" \/>\n<meta property=\"og:url\" content=\"https:\/\/simpozij14.hdzz.hr\/en\/general\/accommodation\/\" \/>\n<meta property=\"og:site_name\" content=\"14. simpozij Hrvatskog dru\u0161tva za za\u0161titu od zra\u010denja\" \/>\n<meta property=\"article:modified_time\" content=\"2024-11-04T08:44:38+00:00\" \/>\n<meta name=\"twitter:card\" content=\"summary_large_image\" \/>\n<meta name=\"twitter:label1\" content=\"Est. reading time\" \/>\n\t<meta name=\"twitter:data1\" content=\"3 minutes\" \/>\n<script type=\"application\/ld+json\" class=\"yoast-schema-graph\">{\"@context\":\"https:\/\/schema.org\",\"@graph\":[{\"@type\":\"WebPage\",\"@id\":\"https:\/\/simpozij14.hdzz.hr\/en\/general\/accommodation\/\",\"url\":\"https:\/\/simpozij14.hdzz.hr\/en\/general\/accommodation\/\",\"name\":\"Accommodation - 14. simpozij Hrvatskog dru\u0161tva za za\u0161titu od zra\u010denja\",\"isPartOf\":{\"@id\":\"https:\/\/simpozij14.hdzz.hr\/#website\"},\"datePublished\":\"2024-06-25T08:49:54+00:00\",\"dateModified\":\"2024-11-04T08:44:38+00:00\",\"breadcrumb\":{\"@id\":\"https:\/\/simpozij14.hdzz.hr\/en\/general\/accommodation\/#breadcrumb\"},\"inLanguage\":\"en-US\",\"potentialAction\":[{\"@type\":\"ReadAction\",\"target\":[\"https:\/\/simpozij14.hdzz.hr\/en\/general\/accommodation\/\"]}]},{\"@type\":\"BreadcrumbList\",\"@id\":\"https:\/\/simpozij14.hdzz.hr\/en\/general\/accommodation\/#breadcrumb\",\"itemListElement\":[{\"@type\":\"ListItem\",\"position\":1,\"name\":\"Home\",\"item\":\"https:\/\/simpozij14.hdzz.hr\/home\/\"},{\"@type\":\"ListItem\",\"position\":2,\"name\":\"General\",\"item\":\"\/en\/general\/registration-fee\/\"},{\"@type\":\"ListItem\",\"position\":3,\"name\":\"Accommodation\"}]},{\"@type\":\"WebSite\",\"@id\":\"https:\/\/simpozij14.hdzz.hr\/#website\",\"url\":\"https:\/\/simpozij14.hdzz.hr\/\",\"name\":\"14. simpozij Hrvatskog dru\u0161tva za za\u0161titu od zra\u010denja\",\"description\":\"\",\"publisher\":{\"@id\":\"https:\/\/simpozij14.hdzz.hr\/#organization\"},\"potentialAction\":[{\"@type\":\"SearchAction\",\"target\":{\"@type\":\"EntryPoint\",\"urlTemplate\":\"https:\/\/simpozij14.hdzz.hr\/?s={search_term_string}\"},\"query-input\":{\"@type\":\"PropertyValueSpecification\",\"valueRequired\":true,\"valueName\":\"search_term_string\"}}],\"inLanguage\":\"en-US\"},{\"@type\":\"Organization\",\"@id\":\"https:\/\/simpozij14.hdzz.hr\/#organization\",\"name\":\"14. simpozij Hrvatskog dru\u0161tva za za\u0161titu od zra\u010denja\",\"url\":\"https:\/\/simpozij14.hdzz.hr\/\",\"logo\":{\"@type\":\"ImageObject\",\"inLanguage\":\"en-US\",\"@id\":\"https:\/\/simpozij14.hdzz.hr\/#\/schema\/logo\/image\/\",\"url\":\"https:\/\/simpozij14.hdzz.hr\/wp-content\/uploads\/2024\/06\/hdzz-w-hr.png\",\"contentUrl\":\"https:\/\/simpozij14.hdzz.hr\/wp-content\/uploads\/2024\/06\/hdzz-w-hr.png\",\"width\":394,\"height\":376,\"caption\":\"14. simpozij Hrvatskog dru\u0161tva za za\u0161titu od zra\u010denja\"},\"image\":{\"@id\":\"https:\/\/simpozij14.hdzz.hr\/#\/schema\/logo\/image\/\"}}]}<\/script>\n<!-- \/ Yoast SEO plugin. -->","yoast_head_json":{"title":"Accommodation - 14. simpozij Hrvatskog dru\u0161tva za za\u0161titu od zra\u010denja","robots":{"index":"index","follow":"follow","max-snippet":"max-snippet:-1","max-image-preview":"max-image-preview:large","max-video-preview":"max-video-preview:-1"},"canonical":"https:\/\/simpozij14.hdzz.hr\/en\/general\/accommodation\/","og_locale":"en_US","og_type":"article","og_title":"Accommodation - 14. simpozij Hrvatskog dru\u0161tva za za\u0161titu od zra\u010denja","og_description":"Accomodation 14\u1d40\u1d34 CRPA SYMPOSIUM WITH INTERNATIONAL PARTICIPATION Challenges in radioactive waste management Book accommodation The reservation of accommodation is the responsibility of each participant! DATE 1 \u2013 4 April 2025 LOCATION Vodice, hotel Imperial Park The symposium will take place at the Imperial Park Hotel, Vodice, Croatia. Accommodation reservation guarantee at the indicated prices until [&hellip;]","og_url":"https:\/\/simpozij14.hdzz.hr\/en\/general\/accommodation\/","og_site_name":"14. simpozij Hrvatskog dru\u0161tva za za\u0161titu od zra\u010denja","article_modified_time":"2024-11-04T08:44:38+00:00","twitter_card":"summary_large_image","twitter_misc":{"Est. reading time":"3 minutes"},"schema":{"@context":"https:\/\/schema.org","@graph":[{"@type":"WebPage","@id":"https:\/\/simpozij14.hdzz.hr\/en\/general\/accommodation\/","url":"https:\/\/simpozij14.hdzz.hr\/en\/general\/accommodation\/","name":"Accommodation - 14. simpozij Hrvatskog dru\u0161tva za za\u0161titu od zra\u010denja","isPartOf":{"@id":"https:\/\/simpozij14.hdzz.hr\/#website"},"datePublished":"2024-06-25T08:49:54+00:00","dateModified":"2024-11-04T08:44:38+00:00","breadcrumb":{"@id":"https:\/\/simpozij14.hdzz.hr\/en\/general\/accommodation\/#breadcrumb"},"inLanguage":"en-US","potentialAction":[{"@type":"ReadAction","target":["https:\/\/simpozij14.hdzz.hr\/en\/general\/accommodation\/"]}]},{"@type":"BreadcrumbList","@id":"https:\/\/simpozij14.hdzz.hr\/en\/general\/accommodation\/#breadcrumb","itemListElement":[{"@type":"ListItem","position":1,"name":"Home","item":"https:\/\/simpozij14.hdzz.hr\/home\/"},{"@type":"ListItem","position":2,"name":"General","item":"\/en\/general\/registration-fee\/"},{"@type":"ListItem","position":3,"name":"Accommodation"}]},{"@type":"WebSite","@id":"https:\/\/simpozij14.hdzz.hr\/#website","url":"https:\/\/simpozij14.hdzz.hr\/","name":"14. simpozij Hrvatskog dru\u0161tva za za\u0161titu od zra\u010denja","description":"","publisher":{"@id":"https:\/\/simpozij14.hdzz.hr\/#organization"},"potentialAction":[{"@type":"SearchAction","target":{"@type":"EntryPoint","urlTemplate":"https:\/\/simpozij14.hdzz.hr\/?s={search_term_string}"},"query-input":{"@type":"PropertyValueSpecification","valueRequired":true,"valueName":"search_term_string"}}],"inLanguage":"en-US"},{"@type":"Organization","@id":"https:\/\/simpozij14.hdzz.hr\/#organization","name":"14. simpozij Hrvatskog dru\u0161tva za za\u0161titu od zra\u010denja","url":"https:\/\/simpozij14.hdzz.hr\/","logo":{"@type":"ImageObject","inLanguage":"en-US","@id":"https:\/\/simpozij14.hdzz.hr\/#\/schema\/logo\/image\/","url":"https:\/\/simpozij14.hdzz.hr\/wp-content\/uploads\/2024\/06\/hdzz-w-hr.png","contentUrl":"https:\/\/simpozij14.hdzz.hr\/wp-content\/uploads\/2024\/06\/hdzz-w-hr.png","width":394,"height":376,"caption":"14. simpozij Hrvatskog dru\u0161tva za za\u0161titu od zra\u010denja"},"image":{"@id":"https:\/\/simpozij14.hdzz.hr\/#\/schema\/logo\/image\/"}}]}},"_links":{"self":[{"href":"https:\/\/simpozij14.hdzz.hr\/en\/wp-json\/wp\/v2\/pages\/1255","targetHints":{"allow":["GET"]}}],"collection":[{"href":"https:\/\/simpozij14.hdzz.hr\/en\/wp-json\/wp\/v2\/pages"}],"about":[{"href":"https:\/\/simpozij14.hdzz.hr\/en\/wp-json\/wp\/v2\/types\/page"}],"author":[{"embeddable":true,"href":"https:\/\/simpozij14.hdzz.hr\/en\/wp-json\/wp\/v2\/users\/2"}],"replies":[{"embeddable":true,"href":"https:\/\/simpozij14.hdzz.hr\/en\/wp-json\/wp\/v2\/comments?post=1255"}],"version-history":[{"count":28,"href":"https:\/\/simpozij14.hdzz.hr\/en\/wp-json\/wp\/v2\/pages\/1255\/revisions"}],"predecessor-version":[{"id":1940,"href":"https:\/\/simpozij14.hdzz.hr\/en\/wp-json\/wp\/v2\/pages\/1255\/revisions\/1940"}],"up":[{"embeddable":true,"href":"https:\/\/simpozij14.hdzz.hr\/en\/wp-json\/wp\/v2\/pages\/1200"}],"wp:attachment":[{"href":"https:\/\/simpozij14.hdzz.hr\/en\/wp-json\/wp\/v2\/media?parent=1255"}],"curies":[{"name":"wp","href":"https:\/\/api.w.org\/{rel}","templated":true}]}}