{"id":1251,"date":"2024-06-25T10:46:36","date_gmt":"2024-06-25T08:46:36","guid":{"rendered":"https:\/\/simpozij14.hdzz.hr\/?page_id=1251"},"modified":"2024-11-04T09:44:39","modified_gmt":"2024-11-04T08:44:39","slug":"registration-card","status":"publish","type":"page","link":"https:\/\/simpozij14.hdzz.hr\/en\/general\/registration-card\/","title":{"rendered":"Registration Card"},"content":{"rendered":"\t\t<div data-elementor-type=\"wp-page\" data-elementor-id=\"1251\" class=\"elementor elementor-1251 elementor-261\" data-elementor-post-type=\"page\">\n\t\t\t\t\t\t<section class=\"elementor-section elementor-top-section elementor-element elementor-element-28b1a74 elementor-section-full_width elementor-section-height-default elementor-section-height-default\" data-id=\"28b1a74\" data-element_type=\"section\" data-settings=\"{&quot;background_background&quot;:&quot;gradient&quot;}\">\n\t\t\t\t\t\t<div class=\"elementor-container elementor-column-gap-default\">\n\t\t\t\t\t<div class=\"elementor-column elementor-col-50 elementor-top-column elementor-element elementor-element-7175f54\" data-id=\"7175f54\" data-element_type=\"column\">\n\t\t\t<div class=\"elementor-widget-wrap elementor-element-populated\">\n\t\t\t\t\t<div class=\"elementor-background-overlay\"><\/div>\n\t\t\t\t\t\t<div class=\"elementor-element elementor-element-2e6caee elementor-widget elementor-widget-heading\" data-id=\"2e6caee\" data-element_type=\"widget\" data-widget_type=\"heading.default\">\n\t\t\t\t<div class=\"elementor-widget-container\">\n\t\t\t\t\t<h4 class=\"elementor-heading-title elementor-size-default\">Registration Card<\/h4>\t\t\t\t<\/div>\n\t\t\t\t<\/div>\n\t\t\t\t<div class=\"elementor-element elementor-element-bf4efdf elementor-widget__width-initial elementor-widget-mobile__width-inherit elementor-widget elementor-widget-jkit_animated_text\" data-id=\"bf4efdf\" data-element_type=\"widget\" data-widget_type=\"jkit_animated_text.default\">\n\t\t\t\t<div class=\"elementor-widget-container\">\n\t\t\t\t\t<div  class=\"jeg-elementor-kit jkit-animated-text jeg_module___69e1610d84e41\"  data-style=\"highlighted\" data-text=\"CRPA \" data-shape=\"underline\"><h1 class=\"animated-text\"><span class=\"normal-text style-color\">14\u1d40\u1d34 <\/span><span class=\"dynamic-wrapper style-color\"><span class=\"dynamic-text\">CRPA <\/span><svg xmlns=\"http:\/\/www.w3.org\/2000\/svg\" viewBox=\"0 0 500 150\" preserveAspectRatio=\"none\"><path class=\"style-color\"  d=\"M3,77.5s200.54-11,493,0\" transform=\"translate(-2.75 -68.11)\"\/><\/svg><\/span><span class=\"normal-text style-color\"> SYMPOSIUM<\/span><\/h1><\/div>\t\t\t\t<\/div>\n\t\t\t\t<\/div>\n\t\t\t\t<div class=\"elementor-element elementor-element-42c849e elementor-invisible elementor-widget elementor-widget-heading\" data-id=\"42c849e\" data-element_type=\"widget\" data-settings=\"{&quot;_animation&quot;:&quot;fadeInUp&quot;}\" data-widget_type=\"heading.default\">\n\t\t\t\t<div class=\"elementor-widget-container\">\n\t\t\t\t\t<h4 class=\"elementor-heading-title elementor-size-default\">WITH INTERNATIONAL PARTICIPATION<\/h4>\t\t\t\t<\/div>\n\t\t\t\t<\/div>\n\t\t\t\t\t<\/div>\n\t\t<\/div>\n\t\t\t\t<div class=\"elementor-column elementor-col-50 elementor-top-column elementor-element elementor-element-d70c60a\" data-id=\"d70c60a\" data-element_type=\"column\">\n\t\t\t<div class=\"elementor-widget-wrap elementor-element-populated\">\n\t\t\t\t\t<div class=\"elementor-background-overlay\"><\/div>\n\t\t\t\t\t\t<div class=\"elementor-element elementor-element-6d1bd6d elementor-widget elementor-widget-text-editor\" data-id=\"6d1bd6d\" data-element_type=\"widget\" data-widget_type=\"text-editor.default\">\n\t\t\t\t<div class=\"elementor-widget-container\">\n\t\t\t\t\t\t\t\t\tChallenges in radioactive waste management\t\t\t\t\t\t\t\t<\/div>\n\t\t\t\t<\/div>\n\t\t\t\t\t<\/div>\n\t\t<\/div>\n\t\t\t\t\t<\/div>\n\t\t<\/section>\n\t\t\t\t<section class=\"elementor-section elementor-top-section elementor-element elementor-element-67f760e6 elementor-section-boxed elementor-section-height-default elementor-section-height-default\" data-id=\"67f760e6\" data-element_type=\"section\">\n\t\t\t\t\t\t<div class=\"elementor-container elementor-column-gap-default\">\n\t\t\t\t\t<div class=\"elementor-column elementor-col-100 elementor-top-column elementor-element elementor-element-19b752f5\" data-id=\"19b752f5\" data-element_type=\"column\">\n\t\t\t<div class=\"elementor-widget-wrap elementor-element-populated\">\n\t\t\t\t\t\t<div class=\"elementor-element elementor-element-2f3bf3fe elementor-widget__width-inherit elementor-widget elementor-widget-text-editor\" data-id=\"2f3bf3fe\" data-element_type=\"widget\" data-widget_type=\"text-editor.default\">\n\t\t\t\t<div class=\"elementor-widget-container\">\n\t\t\t\t\t\t\t\t\t<p>I am applying for participation in the work of the 14<sup>th<\/sup> Symposium of the Croatian Radiation Protection Association<\/p>\t\t\t\t\t\t\t\t<\/div>\n\t\t\t\t<\/div>\n\t\t\t\t<div class=\"elementor-element elementor-element-2026c401 elementor-widget__width-inherit elementor-widget elementor-widget-text-editor\" data-id=\"2026c401\" data-element_type=\"widget\" data-widget_type=\"text-editor.default\">\n\t\t\t\t<div class=\"elementor-widget-container\">\n\t\t\t\t\t\t\t\t\t<p>which will be held in Vodice from 1 to 4 April 2025.<\/p>\t\t\t\t\t\t\t\t<\/div>\n\t\t\t\t<\/div>\n\t\t\t\t<div class=\"elementor-element elementor-element-c50f92f elementor-widget elementor-widget-wp-widget-gform_widget\" data-id=\"c50f92f\" data-element_type=\"widget\" data-widget_type=\"wp-widget-gform_widget.default\">\n\t\t\t\t<div class=\"elementor-widget-container\">\n\t\t\t\t\t<script src=\"https:\/\/simpozij14.hdzz.hr\/wp-includes\/js\/dist\/dom-ready.min.js?ver=f77871ff7694fffea381\" id=\"wp-dom-ready-js\"><\/script>\n<script src=\"https:\/\/simpozij14.hdzz.hr\/wp-includes\/js\/dist\/hooks.min.js?ver=dd5603f07f9220ed27f1\" id=\"wp-hooks-js\"><\/script>\n<script src=\"https:\/\/simpozij14.hdzz.hr\/wp-includes\/js\/dist\/i18n.min.js?ver=c26c3dc7bed366793375\" id=\"wp-i18n-js\"><\/script>\n<script id=\"wp-i18n-js-after\">\nwp.i18n.setLocaleData( { 'text direction\\u0004ltr': [ 'ltr' ] } );\n\/\/# sourceURL=wp-i18n-js-after\n<\/script>\n<script src=\"https:\/\/simpozij14.hdzz.hr\/wp-includes\/js\/dist\/a11y.min.js?ver=cb460b4676c94bd228ed\" id=\"wp-a11y-js\"><\/script>\n<link rel='stylesheet' id='dashicons-css' href='https:\/\/simpozij14.hdzz.hr\/wp-includes\/css\/dashicons.min.css?ver=6.9.4' media='all' \/>\n<script src=\"https:\/\/simpozij14.hdzz.hr\/wp-includes\/js\/jquery\/jquery.min.js?ver=3.7.1\" id=\"jquery-core-js\"><\/script>\n<script src=\"https:\/\/simpozij14.hdzz.hr\/wp-includes\/js\/jquery\/jquery-migrate.min.js?ver=3.4.1\" id=\"jquery-migrate-js\"><\/script>\n<script defer='defer' src=\"https:\/\/simpozij14.hdzz.hr\/wp-content\/plugins\/gravityforms\/js\/jquery.json.min.js?ver=2.9.31\" id=\"gform_json-js\"><\/script>\n<script id=\"gform_gravityforms-js-extra\">\nvar gf_legacy = {\"is_legacy\":\"\"};\nvar gf_global = {\"gf_currency_config\":{\"name\":\"Euro\",\"symbol_left\":\"\",\"symbol_right\":\"&#8364;\",\"symbol_padding\":\" \",\"thousand_separator\":\".\",\"decimal_separator\":\",\",\"decimals\":2,\"code\":\"EUR\"},\"base_url\":\"https:\/\/simpozij14.hdzz.hr\/wp-content\/plugins\/gravityforms\",\"number_formats\":[],\"spinnerUrl\":\"https:\/\/simpozij14.hdzz.hr\/wp-content\/plugins\/gravityforms\/images\/spinner.svg\",\"version_hash\":\"b92198c9e3a953059094e24e1bf74683\",\"strings\":{\"newRowAdded\":\"New row added.\",\"rowRemoved\":\"Row removed\",\"formSaved\":\"The form has been saved.  The content contains the link to return and complete the form.\"}};\n\/\/# sourceURL=gform_gravityforms-js-extra\n<\/script>\n<script defer='defer' src=\"https:\/\/simpozij14.hdzz.hr\/wp-content\/plugins\/gravityforms\/js\/gravityforms.min.js?ver=2.9.31\" id=\"gform_gravityforms-js\"><\/script>\n<script src=\"https:\/\/simpozij14.hdzz.hr\/wp-includes\/js\/plupload\/moxie.min.js?ver=1.3.5.1\" id=\"moxiejs-js\"><\/script>\n<script src=\"https:\/\/simpozij14.hdzz.hr\/wp-includes\/js\/plupload\/plupload.min.js?ver=2.1.9\" id=\"plupload-js\"><\/script>\n<script defer='defer' src=\"https:\/\/simpozij14.hdzz.hr\/wp-content\/plugins\/gravityforms\/js\/placeholders.jquery.min.js?ver=2.9.31\" id=\"gform_placeholder-js\"><\/script>\n\t\t\t\t<\/div>\n\t\t\t\t<\/div>\n\t\t\t\t\t<\/div>\n\t\t<\/div>\n\t\t\t\t\t<\/div>\n\t\t<\/section>\n\t\t\t\t<\/div>\n\t\t","protected":false},"excerpt":{"rendered":"<p>Registration Card 14\u1d40\u1d34 CRPA SYMPOSIUM WITH INTERNATIONAL PARTICIPATION Challenges in radioactive waste management I am applying for participation in the work of the 14th Symposium of the Croatian Radiation Protection Association which will be held in Vodice from 1 to 4 April 2025.<\/p>\n","protected":false},"author":2,"featured_media":0,"parent":1200,"menu_order":0,"comment_status":"closed","ping_status":"closed","template":"","meta":{"footnotes":"","_links_to":"","_links_to_target":""},"class_list":["post-1251","page","type-page","status-publish","hentry"],"yoast_head":"<!-- This site is optimized with the Yoast SEO plugin v25.0 - https:\/\/yoast.com\/wordpress\/plugins\/seo\/ -->\n<title>Registration Card - 14. simpozij Hrvatskog dru\u0161tva za za\u0161titu od zra\u010denja<\/title>\n<meta name=\"robots\" content=\"index, follow, max-snippet:-1, max-image-preview:large, max-video-preview:-1\" \/>\n<link rel=\"canonical\" href=\"https:\/\/simpozij14.hdzz.hr\/en\/general\/registration-card\/\" \/>\n<meta property=\"og:locale\" content=\"en_US\" \/>\n<meta property=\"og:type\" content=\"article\" \/>\n<meta property=\"og:title\" content=\"Registration Card - 14. simpozij Hrvatskog dru\u0161tva za za\u0161titu od zra\u010denja\" \/>\n<meta property=\"og:description\" content=\"Registration Card 14\u1d40\u1d34 CRPA SYMPOSIUM WITH INTERNATIONAL PARTICIPATION Challenges in radioactive waste management I am applying for participation in the work of the 14th Symposium of the Croatian Radiation Protection Association which will be held in Vodice from 1 to 4 April 2025.\" \/>\n<meta property=\"og:url\" content=\"https:\/\/simpozij14.hdzz.hr\/en\/general\/registration-card\/\" \/>\n<meta property=\"og:site_name\" content=\"14. simpozij Hrvatskog dru\u0161tva za za\u0161titu od zra\u010denja\" \/>\n<meta property=\"article:modified_time\" content=\"2024-11-04T08:44:39+00:00\" \/>\n<meta name=\"twitter:card\" content=\"summary_large_image\" \/>\n<meta name=\"twitter:label1\" content=\"Est. reading time\" \/>\n\t<meta name=\"twitter:data1\" content=\"1 minute\" \/>\n<script type=\"application\/ld+json\" class=\"yoast-schema-graph\">{\"@context\":\"https:\/\/schema.org\",\"@graph\":[{\"@type\":\"WebPage\",\"@id\":\"https:\/\/simpozij14.hdzz.hr\/en\/general\/registration-card\/\",\"url\":\"https:\/\/simpozij14.hdzz.hr\/en\/general\/registration-card\/\",\"name\":\"Registration Card - 14. simpozij Hrvatskog dru\u0161tva za za\u0161titu od zra\u010denja\",\"isPartOf\":{\"@id\":\"https:\/\/simpozij14.hdzz.hr\/#website\"},\"datePublished\":\"2024-06-25T08:46:36+00:00\",\"dateModified\":\"2024-11-04T08:44:39+00:00\",\"breadcrumb\":{\"@id\":\"https:\/\/simpozij14.hdzz.hr\/en\/general\/registration-card\/#breadcrumb\"},\"inLanguage\":\"en-US\",\"potentialAction\":[{\"@type\":\"ReadAction\",\"target\":[\"https:\/\/simpozij14.hdzz.hr\/en\/general\/registration-card\/\"]}]},{\"@type\":\"BreadcrumbList\",\"@id\":\"https:\/\/simpozij14.hdzz.hr\/en\/general\/registration-card\/#breadcrumb\",\"itemListElement\":[{\"@type\":\"ListItem\",\"position\":1,\"name\":\"Home\",\"item\":\"https:\/\/simpozij14.hdzz.hr\/home\/\"},{\"@type\":\"ListItem\",\"position\":2,\"name\":\"General\",\"item\":\"\/en\/general\/registration-fee\/\"},{\"@type\":\"ListItem\",\"position\":3,\"name\":\"Registration Card\"}]},{\"@type\":\"WebSite\",\"@id\":\"https:\/\/simpozij14.hdzz.hr\/#website\",\"url\":\"https:\/\/simpozij14.hdzz.hr\/\",\"name\":\"14. simpozij Hrvatskog dru\u0161tva za za\u0161titu od zra\u010denja\",\"description\":\"\",\"publisher\":{\"@id\":\"https:\/\/simpozij14.hdzz.hr\/#organization\"},\"potentialAction\":[{\"@type\":\"SearchAction\",\"target\":{\"@type\":\"EntryPoint\",\"urlTemplate\":\"https:\/\/simpozij14.hdzz.hr\/?s={search_term_string}\"},\"query-input\":{\"@type\":\"PropertyValueSpecification\",\"valueRequired\":true,\"valueName\":\"search_term_string\"}}],\"inLanguage\":\"en-US\"},{\"@type\":\"Organization\",\"@id\":\"https:\/\/simpozij14.hdzz.hr\/#organization\",\"name\":\"14. simpozij Hrvatskog dru\u0161tva za za\u0161titu od zra\u010denja\",\"url\":\"https:\/\/simpozij14.hdzz.hr\/\",\"logo\":{\"@type\":\"ImageObject\",\"inLanguage\":\"en-US\",\"@id\":\"https:\/\/simpozij14.hdzz.hr\/#\/schema\/logo\/image\/\",\"url\":\"https:\/\/simpozij14.hdzz.hr\/wp-content\/uploads\/2024\/06\/hdzz-w-hr.png\",\"contentUrl\":\"https:\/\/simpozij14.hdzz.hr\/wp-content\/uploads\/2024\/06\/hdzz-w-hr.png\",\"width\":394,\"height\":376,\"caption\":\"14. simpozij Hrvatskog dru\u0161tva za za\u0161titu od zra\u010denja\"},\"image\":{\"@id\":\"https:\/\/simpozij14.hdzz.hr\/#\/schema\/logo\/image\/\"}}]}<\/script>\n<!-- \/ Yoast SEO plugin. -->","yoast_head_json":{"title":"Registration Card - 14. simpozij Hrvatskog dru\u0161tva za za\u0161titu od zra\u010denja","robots":{"index":"index","follow":"follow","max-snippet":"max-snippet:-1","max-image-preview":"max-image-preview:large","max-video-preview":"max-video-preview:-1"},"canonical":"https:\/\/simpozij14.hdzz.hr\/en\/general\/registration-card\/","og_locale":"en_US","og_type":"article","og_title":"Registration Card - 14. simpozij Hrvatskog dru\u0161tva za za\u0161titu od zra\u010denja","og_description":"Registration Card 14\u1d40\u1d34 CRPA SYMPOSIUM WITH INTERNATIONAL PARTICIPATION Challenges in radioactive waste management I am applying for participation in the work of the 14th Symposium of the Croatian Radiation Protection Association which will be held in Vodice from 1 to 4 April 2025.","og_url":"https:\/\/simpozij14.hdzz.hr\/en\/general\/registration-card\/","og_site_name":"14. simpozij Hrvatskog dru\u0161tva za za\u0161titu od zra\u010denja","article_modified_time":"2024-11-04T08:44:39+00:00","twitter_card":"summary_large_image","twitter_misc":{"Est. reading time":"1 minute"},"schema":{"@context":"https:\/\/schema.org","@graph":[{"@type":"WebPage","@id":"https:\/\/simpozij14.hdzz.hr\/en\/general\/registration-card\/","url":"https:\/\/simpozij14.hdzz.hr\/en\/general\/registration-card\/","name":"Registration Card - 14. simpozij Hrvatskog dru\u0161tva za za\u0161titu od zra\u010denja","isPartOf":{"@id":"https:\/\/simpozij14.hdzz.hr\/#website"},"datePublished":"2024-06-25T08:46:36+00:00","dateModified":"2024-11-04T08:44:39+00:00","breadcrumb":{"@id":"https:\/\/simpozij14.hdzz.hr\/en\/general\/registration-card\/#breadcrumb"},"inLanguage":"en-US","potentialAction":[{"@type":"ReadAction","target":["https:\/\/simpozij14.hdzz.hr\/en\/general\/registration-card\/"]}]},{"@type":"BreadcrumbList","@id":"https:\/\/simpozij14.hdzz.hr\/en\/general\/registration-card\/#breadcrumb","itemListElement":[{"@type":"ListItem","position":1,"name":"Home","item":"https:\/\/simpozij14.hdzz.hr\/home\/"},{"@type":"ListItem","position":2,"name":"General","item":"\/en\/general\/registration-fee\/"},{"@type":"ListItem","position":3,"name":"Registration Card"}]},{"@type":"WebSite","@id":"https:\/\/simpozij14.hdzz.hr\/#website","url":"https:\/\/simpozij14.hdzz.hr\/","name":"14. simpozij Hrvatskog dru\u0161tva za za\u0161titu od zra\u010denja","description":"","publisher":{"@id":"https:\/\/simpozij14.hdzz.hr\/#organization"},"potentialAction":[{"@type":"SearchAction","target":{"@type":"EntryPoint","urlTemplate":"https:\/\/simpozij14.hdzz.hr\/?s={search_term_string}"},"query-input":{"@type":"PropertyValueSpecification","valueRequired":true,"valueName":"search_term_string"}}],"inLanguage":"en-US"},{"@type":"Organization","@id":"https:\/\/simpozij14.hdzz.hr\/#organization","name":"14. simpozij Hrvatskog dru\u0161tva za za\u0161titu od zra\u010denja","url":"https:\/\/simpozij14.hdzz.hr\/","logo":{"@type":"ImageObject","inLanguage":"en-US","@id":"https:\/\/simpozij14.hdzz.hr\/#\/schema\/logo\/image\/","url":"https:\/\/simpozij14.hdzz.hr\/wp-content\/uploads\/2024\/06\/hdzz-w-hr.png","contentUrl":"https:\/\/simpozij14.hdzz.hr\/wp-content\/uploads\/2024\/06\/hdzz-w-hr.png","width":394,"height":376,"caption":"14. simpozij Hrvatskog dru\u0161tva za za\u0161titu od zra\u010denja"},"image":{"@id":"https:\/\/simpozij14.hdzz.hr\/#\/schema\/logo\/image\/"}}]}},"_links":{"self":[{"href":"https:\/\/simpozij14.hdzz.hr\/en\/wp-json\/wp\/v2\/pages\/1251","targetHints":{"allow":["GET"]}}],"collection":[{"href":"https:\/\/simpozij14.hdzz.hr\/en\/wp-json\/wp\/v2\/pages"}],"about":[{"href":"https:\/\/simpozij14.hdzz.hr\/en\/wp-json\/wp\/v2\/types\/page"}],"author":[{"embeddable":true,"href":"https:\/\/simpozij14.hdzz.hr\/en\/wp-json\/wp\/v2\/users\/2"}],"replies":[{"embeddable":true,"href":"https:\/\/simpozij14.hdzz.hr\/en\/wp-json\/wp\/v2\/comments?post=1251"}],"version-history":[{"count":18,"href":"https:\/\/simpozij14.hdzz.hr\/en\/wp-json\/wp\/v2\/pages\/1251\/revisions"}],"predecessor-version":[{"id":1863,"href":"https:\/\/simpozij14.hdzz.hr\/en\/wp-json\/wp\/v2\/pages\/1251\/revisions\/1863"}],"up":[{"embeddable":true,"href":"https:\/\/simpozij14.hdzz.hr\/en\/wp-json\/wp\/v2\/pages\/1200"}],"wp:attachment":[{"href":"https:\/\/simpozij14.hdzz.hr\/en\/wp-json\/wp\/v2\/media?parent=1251"}],"curies":[{"name":"wp","href":"https:\/\/api.w.org\/{rel}","templated":true}]}}