{"id":1243,"date":"2024-06-25T10:47:30","date_gmt":"2024-06-25T08:47:30","guid":{"rendered":"https:\/\/simpozij14.hdzz.hr\/?page_id=1243"},"modified":"2024-11-04T09:44:39","modified_gmt":"2024-11-04T08:44:39","slug":"invitation-for-exhibitors","status":"publish","type":"page","link":"https:\/\/simpozij14.hdzz.hr\/en\/general\/invitation-for-exhibitors\/","title":{"rendered":"Invitation for Exhibitors"},"content":{"rendered":"\t\t<div data-elementor-type=\"wp-page\" data-elementor-id=\"1243\" class=\"elementor elementor-1243 elementor-267\" data-elementor-post-type=\"page\">\n\t\t\t\t\t\t<section class=\"elementor-section elementor-top-section elementor-element elementor-element-ef1a098 elementor-section-full_width elementor-section-height-default elementor-section-height-default\" data-id=\"ef1a098\" data-element_type=\"section\" data-settings=\"{&quot;background_background&quot;:&quot;gradient&quot;}\">\n\t\t\t\t\t\t<div class=\"elementor-container elementor-column-gap-default\">\n\t\t\t\t\t<div class=\"elementor-column elementor-col-50 elementor-top-column elementor-element elementor-element-d8ebab2\" data-id=\"d8ebab2\" data-element_type=\"column\">\n\t\t\t<div class=\"elementor-widget-wrap elementor-element-populated\">\n\t\t\t\t\t<div class=\"elementor-background-overlay\"><\/div>\n\t\t\t\t\t\t<div class=\"elementor-element elementor-element-8c01af7 elementor-widget elementor-widget-heading\" data-id=\"8c01af7\" data-element_type=\"widget\" data-widget_type=\"heading.default\">\n\t\t\t\t<div class=\"elementor-widget-container\">\n\t\t\t\t\t<h4 class=\"elementor-heading-title elementor-size-default\">Invitation for Exhibitors<\/h4>\t\t\t\t<\/div>\n\t\t\t\t<\/div>\n\t\t\t\t<div class=\"elementor-element elementor-element-cbe7883 elementor-widget__width-initial elementor-widget-mobile__width-inherit elementor-widget elementor-widget-jkit_animated_text\" data-id=\"cbe7883\" data-element_type=\"widget\" data-widget_type=\"jkit_animated_text.default\">\n\t\t\t\t<div class=\"elementor-widget-container\">\n\t\t\t\t\t<div  class=\"jeg-elementor-kit jkit-animated-text jeg_module___69f4640c374b9\"  data-style=\"highlighted\" data-text=\"CRPA \" data-shape=\"underline\"><h1 class=\"animated-text\"><span class=\"normal-text style-color\">14\u1d40\u1d34 <\/span><span class=\"dynamic-wrapper style-color\"><span class=\"dynamic-text\">CRPA <\/span><svg xmlns=\"http:\/\/www.w3.org\/2000\/svg\" viewBox=\"0 0 500 150\" preserveAspectRatio=\"none\"><path class=\"style-color\"  d=\"M3,77.5s200.54-11,493,0\" transform=\"translate(-2.75 -68.11)\"\/><\/svg><\/span><span class=\"normal-text style-color\"> SYMPOSIUM <\/span><\/h1><\/div>\t\t\t\t<\/div>\n\t\t\t\t<\/div>\n\t\t\t\t<div class=\"elementor-element elementor-element-d82daeb elementor-invisible elementor-widget elementor-widget-heading\" data-id=\"d82daeb\" data-element_type=\"widget\" data-settings=\"{&quot;_animation&quot;:&quot;fadeInUp&quot;}\" data-widget_type=\"heading.default\">\n\t\t\t\t<div class=\"elementor-widget-container\">\n\t\t\t\t\t<h4 class=\"elementor-heading-title elementor-size-default\">WITH INTERNATIONAL PARTICIPATION<\/h4>\t\t\t\t<\/div>\n\t\t\t\t<\/div>\n\t\t\t\t\t<\/div>\n\t\t<\/div>\n\t\t\t\t<div class=\"elementor-column elementor-col-50 elementor-top-column elementor-element elementor-element-cff11dc\" data-id=\"cff11dc\" data-element_type=\"column\">\n\t\t\t<div class=\"elementor-widget-wrap elementor-element-populated\">\n\t\t\t\t\t<div class=\"elementor-background-overlay\"><\/div>\n\t\t\t\t\t\t<div class=\"elementor-element elementor-element-fb8161c elementor-widget elementor-widget-text-editor\" data-id=\"fb8161c\" data-element_type=\"widget\" data-widget_type=\"text-editor.default\">\n\t\t\t\t<div class=\"elementor-widget-container\">\n\t\t\t\t\t\t\t\t\tChallenges in radioactive waste management\t\t\t\t\t\t\t\t<\/div>\n\t\t\t\t<\/div>\n\t\t\t\t\t<\/div>\n\t\t<\/div>\n\t\t\t\t\t<\/div>\n\t\t<\/section>\n\t\t\t\t<section class=\"elementor-section elementor-top-section elementor-element elementor-element-67f760e6 elementor-section-boxed elementor-section-height-default elementor-section-height-default\" data-id=\"67f760e6\" data-element_type=\"section\">\n\t\t\t\t\t\t<div class=\"elementor-container elementor-column-gap-default\">\n\t\t\t\t\t<div class=\"elementor-column elementor-col-66 elementor-top-column elementor-element elementor-element-6a22aa88\" data-id=\"6a22aa88\" data-element_type=\"column\" data-settings=\"{&quot;background_background&quot;:&quot;classic&quot;}\">\n\t\t\t<div class=\"elementor-widget-wrap elementor-element-populated\">\n\t\t\t\t\t\t<div class=\"elementor-element elementor-element-4216e496 elementor-widget elementor-widget-spacer\" data-id=\"4216e496\" data-element_type=\"widget\" data-widget_type=\"spacer.default\">\n\t\t\t\t<div class=\"elementor-widget-container\">\n\t\t\t\t\t\t\t<div class=\"elementor-spacer\">\n\t\t\t<div class=\"elementor-spacer-inner\"><\/div>\n\t\t<\/div>\n\t\t\t\t\t\t<\/div>\n\t\t\t\t<\/div>\n\t\t\t\t\t<\/div>\n\t\t<\/div>\n\t\t\t\t<div class=\"elementor-column elementor-col-33 elementor-top-column elementor-element elementor-element-19b752f5\" data-id=\"19b752f5\" data-element_type=\"column\">\n\t\t\t<div class=\"elementor-widget-wrap elementor-element-populated\">\n\t\t\t\t\t\t<div class=\"elementor-element elementor-element-2f3bf3fe elementor-widget__width-inherit elementor-widget elementor-widget-text-editor\" data-id=\"2f3bf3fe\" data-element_type=\"widget\" data-widget_type=\"text-editor.default\">\n\t\t\t\t<div class=\"elementor-widget-container\">\n\t\t\t\t\t\t\t\t\t<p>The 14<sup>th<\/sup> Symposium of the Croatian Radiation Protection Association will provide space for exhibitors who wish to promote their products whose use is related to the topics of the symposium, such as instruments, books, promotional brochures and other products.<\/p>\t\t\t\t\t\t\t\t<\/div>\n\t\t\t\t<\/div>\n\t\t\t\t<div class=\"elementor-element elementor-element-2026c401 elementor-widget__width-inherit elementor-widget elementor-widget-text-editor\" data-id=\"2026c401\" data-element_type=\"widget\" data-widget_type=\"text-editor.default\">\n\t\t\t\t<div class=\"elementor-widget-container\">\n\t\t\t\t\t\t\t\t\t<p>The rent for the exhibition space is 400\u20ac. By paying the registration fee, representatives\/exhibitors are also entitled to all printed materials, a welcome cocktail, coffee or tea during the break and a festive dinner.<\/p><p>We invite you to contact us by e-mail: hdzz14@hdzz.hr about the possibilities and methods of sponsoring the symposium.<\/p><p>Please note: \u201cFor 14<sup>th<\/sup> CRPA symposium\u201d and indicate your name and\/or the name of your institution\/organisation.<\/p><p>The total amount can be paid by bank transfer to:<\/p>\t\t\t\t\t\t\t\t<\/div>\n\t\t\t\t<\/div>\n\t\t\t\t<div class=\"elementor-element elementor-element-694a97f4 elementor-widget-tablet__width-initial elementor-widget-mobile__width-inherit jkit-equal-height-disable elementor-widget elementor-widget-jkit_icon_box\" data-id=\"694a97f4\" data-element_type=\"widget\" data-widget_type=\"jkit_icon_box.default\">\n\t\t\t\t<div class=\"elementor-widget-container\">\n\t\t\t\t\t<div  class=\"jeg-elementor-kit jkit-icon-box icon-position-left elementor-animation- jeg_module__1_69f4640c3df14\" ><div class=\"jkit-icon-box-wrapper hover-from-left\"><div class=\"icon-box icon-box-header elementor-animation-\"><div class=\"icon style-color\"><i aria-hidden=\"true\" class=\"jki jki-microphone-light\"><\/i><\/div><\/div><div class=\"icon-box icon-box-body\">\n                <h4 class=\"title\">Info:<\/h4><p class=\"icon-box-description\">Croatian Radiation Protection Association\nSWIFT. ZABAHR2X\nIBAN: HR5423600001101254463\nZagreba\u010dka banka d.d.; Trg bana Josipa Jela\u010di\u0107a 10, Zagreb\n<\/p>\n            <\/div>\n            \n            <\/div><\/div>\t\t\t\t<\/div>\n\t\t\t\t<\/div>\n\t\t\t\t\t<\/div>\n\t\t<\/div>\n\t\t\t\t\t<\/div>\n\t\t<\/section>\n\t\t\t\t<\/div>\n\t\t","protected":false},"excerpt":{"rendered":"<p>Invitation for Exhibitors 14\u1d40\u1d34 CRPA SYMPOSIUM WITH INTERNATIONAL PARTICIPATION Challenges in radioactive waste management The 14th Symposium of the Croatian Radiation Protection Association will provide space for exhibitors who wish to promote their products whose use is related to the topics of the symposium, such as instruments, books, promotional brochures and other products. The rent [&hellip;]<\/p>\n","protected":false},"author":2,"featured_media":0,"parent":1200,"menu_order":0,"comment_status":"closed","ping_status":"closed","template":"","meta":{"footnotes":"","_links_to":"","_links_to_target":""},"class_list":["post-1243","page","type-page","status-publish","hentry"],"yoast_head":"<!-- This site is optimized with the Yoast SEO plugin v25.0 - https:\/\/yoast.com\/wordpress\/plugins\/seo\/ -->\n<title>Invitation for Exhibitors - 14. simpozij Hrvatskog dru\u0161tva za za\u0161titu od zra\u010denja<\/title>\n<meta name=\"robots\" content=\"index, follow, max-snippet:-1, max-image-preview:large, max-video-preview:-1\" \/>\n<link rel=\"canonical\" href=\"https:\/\/simpozij14.hdzz.hr\/en\/general\/invitation-for-exhibitors\/\" \/>\n<meta property=\"og:locale\" content=\"en_US\" \/>\n<meta property=\"og:type\" content=\"article\" \/>\n<meta property=\"og:title\" content=\"Invitation for Exhibitors - 14. simpozij Hrvatskog dru\u0161tva za za\u0161titu od zra\u010denja\" \/>\n<meta property=\"og:description\" content=\"Invitation for Exhibitors 14\u1d40\u1d34 CRPA SYMPOSIUM WITH INTERNATIONAL PARTICIPATION Challenges in radioactive waste management The 14th Symposium of the Croatian Radiation Protection Association will provide space for exhibitors who wish to promote their products whose use is related to the topics of the symposium, such as instruments, books, promotional brochures and other products. The rent [&hellip;]\" \/>\n<meta property=\"og:url\" content=\"https:\/\/simpozij14.hdzz.hr\/en\/general\/invitation-for-exhibitors\/\" \/>\n<meta property=\"og:site_name\" content=\"14. simpozij Hrvatskog dru\u0161tva za za\u0161titu od zra\u010denja\" \/>\n<meta property=\"article:modified_time\" content=\"2024-11-04T08:44:39+00:00\" \/>\n<meta name=\"twitter:card\" content=\"summary_large_image\" \/>\n<meta name=\"twitter:label1\" content=\"Est. reading time\" \/>\n\t<meta name=\"twitter:data1\" content=\"1 minute\" \/>\n<script type=\"application\/ld+json\" class=\"yoast-schema-graph\">{\"@context\":\"https:\/\/schema.org\",\"@graph\":[{\"@type\":\"WebPage\",\"@id\":\"https:\/\/simpozij14.hdzz.hr\/en\/general\/invitation-for-exhibitors\/\",\"url\":\"https:\/\/simpozij14.hdzz.hr\/en\/general\/invitation-for-exhibitors\/\",\"name\":\"Invitation for Exhibitors - 14. simpozij Hrvatskog dru\u0161tva za za\u0161titu od zra\u010denja\",\"isPartOf\":{\"@id\":\"https:\/\/simpozij14.hdzz.hr\/#website\"},\"datePublished\":\"2024-06-25T08:47:30+00:00\",\"dateModified\":\"2024-11-04T08:44:39+00:00\",\"breadcrumb\":{\"@id\":\"https:\/\/simpozij14.hdzz.hr\/en\/general\/invitation-for-exhibitors\/#breadcrumb\"},\"inLanguage\":\"en-US\",\"potentialAction\":[{\"@type\":\"ReadAction\",\"target\":[\"https:\/\/simpozij14.hdzz.hr\/en\/general\/invitation-for-exhibitors\/\"]}]},{\"@type\":\"BreadcrumbList\",\"@id\":\"https:\/\/simpozij14.hdzz.hr\/en\/general\/invitation-for-exhibitors\/#breadcrumb\",\"itemListElement\":[{\"@type\":\"ListItem\",\"position\":1,\"name\":\"Home\",\"item\":\"https:\/\/simpozij14.hdzz.hr\/home\/\"},{\"@type\":\"ListItem\",\"position\":2,\"name\":\"General\",\"item\":\"\/en\/general\/registration-fee\/\"},{\"@type\":\"ListItem\",\"position\":3,\"name\":\"Invitation for Exhibitors\"}]},{\"@type\":\"WebSite\",\"@id\":\"https:\/\/simpozij14.hdzz.hr\/#website\",\"url\":\"https:\/\/simpozij14.hdzz.hr\/\",\"name\":\"14. simpozij Hrvatskog dru\u0161tva za za\u0161titu od zra\u010denja\",\"description\":\"\",\"publisher\":{\"@id\":\"https:\/\/simpozij14.hdzz.hr\/#organization\"},\"potentialAction\":[{\"@type\":\"SearchAction\",\"target\":{\"@type\":\"EntryPoint\",\"urlTemplate\":\"https:\/\/simpozij14.hdzz.hr\/?s={search_term_string}\"},\"query-input\":{\"@type\":\"PropertyValueSpecification\",\"valueRequired\":true,\"valueName\":\"search_term_string\"}}],\"inLanguage\":\"en-US\"},{\"@type\":\"Organization\",\"@id\":\"https:\/\/simpozij14.hdzz.hr\/#organization\",\"name\":\"14. simpozij Hrvatskog dru\u0161tva za za\u0161titu od zra\u010denja\",\"url\":\"https:\/\/simpozij14.hdzz.hr\/\",\"logo\":{\"@type\":\"ImageObject\",\"inLanguage\":\"en-US\",\"@id\":\"https:\/\/simpozij14.hdzz.hr\/#\/schema\/logo\/image\/\",\"url\":\"https:\/\/simpozij14.hdzz.hr\/wp-content\/uploads\/2024\/06\/hdzz-w-hr.png\",\"contentUrl\":\"https:\/\/simpozij14.hdzz.hr\/wp-content\/uploads\/2024\/06\/hdzz-w-hr.png\",\"width\":394,\"height\":376,\"caption\":\"14. simpozij Hrvatskog dru\u0161tva za za\u0161titu od zra\u010denja\"},\"image\":{\"@id\":\"https:\/\/simpozij14.hdzz.hr\/#\/schema\/logo\/image\/\"}}]}<\/script>\n<!-- \/ Yoast SEO plugin. -->","yoast_head_json":{"title":"Invitation for Exhibitors - 14. simpozij Hrvatskog dru\u0161tva za za\u0161titu od zra\u010denja","robots":{"index":"index","follow":"follow","max-snippet":"max-snippet:-1","max-image-preview":"max-image-preview:large","max-video-preview":"max-video-preview:-1"},"canonical":"https:\/\/simpozij14.hdzz.hr\/en\/general\/invitation-for-exhibitors\/","og_locale":"en_US","og_type":"article","og_title":"Invitation for Exhibitors - 14. simpozij Hrvatskog dru\u0161tva za za\u0161titu od zra\u010denja","og_description":"Invitation for Exhibitors 14\u1d40\u1d34 CRPA SYMPOSIUM WITH INTERNATIONAL PARTICIPATION Challenges in radioactive waste management The 14th Symposium of the Croatian Radiation Protection Association will provide space for exhibitors who wish to promote their products whose use is related to the topics of the symposium, such as instruments, books, promotional brochures and other products. The rent [&hellip;]","og_url":"https:\/\/simpozij14.hdzz.hr\/en\/general\/invitation-for-exhibitors\/","og_site_name":"14. simpozij Hrvatskog dru\u0161tva za za\u0161titu od zra\u010denja","article_modified_time":"2024-11-04T08:44:39+00:00","twitter_card":"summary_large_image","twitter_misc":{"Est. reading time":"1 minute"},"schema":{"@context":"https:\/\/schema.org","@graph":[{"@type":"WebPage","@id":"https:\/\/simpozij14.hdzz.hr\/en\/general\/invitation-for-exhibitors\/","url":"https:\/\/simpozij14.hdzz.hr\/en\/general\/invitation-for-exhibitors\/","name":"Invitation for Exhibitors - 14. simpozij Hrvatskog dru\u0161tva za za\u0161titu od zra\u010denja","isPartOf":{"@id":"https:\/\/simpozij14.hdzz.hr\/#website"},"datePublished":"2024-06-25T08:47:30+00:00","dateModified":"2024-11-04T08:44:39+00:00","breadcrumb":{"@id":"https:\/\/simpozij14.hdzz.hr\/en\/general\/invitation-for-exhibitors\/#breadcrumb"},"inLanguage":"en-US","potentialAction":[{"@type":"ReadAction","target":["https:\/\/simpozij14.hdzz.hr\/en\/general\/invitation-for-exhibitors\/"]}]},{"@type":"BreadcrumbList","@id":"https:\/\/simpozij14.hdzz.hr\/en\/general\/invitation-for-exhibitors\/#breadcrumb","itemListElement":[{"@type":"ListItem","position":1,"name":"Home","item":"https:\/\/simpozij14.hdzz.hr\/home\/"},{"@type":"ListItem","position":2,"name":"General","item":"\/en\/general\/registration-fee\/"},{"@type":"ListItem","position":3,"name":"Invitation for Exhibitors"}]},{"@type":"WebSite","@id":"https:\/\/simpozij14.hdzz.hr\/#website","url":"https:\/\/simpozij14.hdzz.hr\/","name":"14. simpozij Hrvatskog dru\u0161tva za za\u0161titu od zra\u010denja","description":"","publisher":{"@id":"https:\/\/simpozij14.hdzz.hr\/#organization"},"potentialAction":[{"@type":"SearchAction","target":{"@type":"EntryPoint","urlTemplate":"https:\/\/simpozij14.hdzz.hr\/?s={search_term_string}"},"query-input":{"@type":"PropertyValueSpecification","valueRequired":true,"valueName":"search_term_string"}}],"inLanguage":"en-US"},{"@type":"Organization","@id":"https:\/\/simpozij14.hdzz.hr\/#organization","name":"14. simpozij Hrvatskog dru\u0161tva za za\u0161titu od zra\u010denja","url":"https:\/\/simpozij14.hdzz.hr\/","logo":{"@type":"ImageObject","inLanguage":"en-US","@id":"https:\/\/simpozij14.hdzz.hr\/#\/schema\/logo\/image\/","url":"https:\/\/simpozij14.hdzz.hr\/wp-content\/uploads\/2024\/06\/hdzz-w-hr.png","contentUrl":"https:\/\/simpozij14.hdzz.hr\/wp-content\/uploads\/2024\/06\/hdzz-w-hr.png","width":394,"height":376,"caption":"14. simpozij Hrvatskog dru\u0161tva za za\u0161titu od zra\u010denja"},"image":{"@id":"https:\/\/simpozij14.hdzz.hr\/#\/schema\/logo\/image\/"}}]}},"_links":{"self":[{"href":"https:\/\/simpozij14.hdzz.hr\/en\/wp-json\/wp\/v2\/pages\/1243","targetHints":{"allow":["GET"]}}],"collection":[{"href":"https:\/\/simpozij14.hdzz.hr\/en\/wp-json\/wp\/v2\/pages"}],"about":[{"href":"https:\/\/simpozij14.hdzz.hr\/en\/wp-json\/wp\/v2\/types\/page"}],"author":[{"embeddable":true,"href":"https:\/\/simpozij14.hdzz.hr\/en\/wp-json\/wp\/v2\/users\/2"}],"replies":[{"embeddable":true,"href":"https:\/\/simpozij14.hdzz.hr\/en\/wp-json\/wp\/v2\/comments?post=1243"}],"version-history":[{"count":15,"href":"https:\/\/simpozij14.hdzz.hr\/en\/wp-json\/wp\/v2\/pages\/1243\/revisions"}],"predecessor-version":[{"id":1854,"href":"https:\/\/simpozij14.hdzz.hr\/en\/wp-json\/wp\/v2\/pages\/1243\/revisions\/1854"}],"up":[{"embeddable":true,"href":"https:\/\/simpozij14.hdzz.hr\/en\/wp-json\/wp\/v2\/pages\/1200"}],"wp:attachment":[{"href":"https:\/\/simpozij14.hdzz.hr\/en\/wp-json\/wp\/v2\/media?parent=1243"}],"curies":[{"name":"wp","href":"https:\/\/api.w.org\/{rel}","templated":true}]}}