{"id":1177,"date":"2024-06-25T09:57:33","date_gmt":"2024-06-25T07:57:33","guid":{"rendered":"https:\/\/simpozij14.hdzz.hr\/?page_id=1177"},"modified":"2025-04-22T10:06:25","modified_gmt":"2025-04-22T08:06:25","slug":"contact","status":"publish","type":"page","link":"https:\/\/simpozij14.hdzz.hr\/en\/contact\/","title":{"rendered":"Contact"},"content":{"rendered":"\t\t<div data-elementor-type=\"wp-page\" data-elementor-id=\"1177\" class=\"elementor elementor-1177 elementor-151\" data-elementor-post-type=\"page\">\n\t\t\t\t\t\t<section class=\"elementor-section elementor-top-section elementor-element elementor-element-160ce3b9 elementor-section-full_width elementor-section-height-default elementor-section-height-default\" data-id=\"160ce3b9\" data-element_type=\"section\" data-settings=\"{&quot;background_background&quot;:&quot;gradient&quot;}\">\n\t\t\t\t\t\t<div class=\"elementor-container elementor-column-gap-default\">\n\t\t\t\t\t<div class=\"elementor-column elementor-col-100 elementor-top-column elementor-element elementor-element-460ddf64\" data-id=\"460ddf64\" data-element_type=\"column\">\n\t\t\t<div class=\"elementor-widget-wrap elementor-element-populated\">\n\t\t\t\t\t<div class=\"elementor-background-overlay\"><\/div>\n\t\t\t\t\t\t<div class=\"elementor-element elementor-element-22b62276 elementor-widget elementor-widget-heading\" data-id=\"22b62276\" data-element_type=\"widget\" data-widget_type=\"heading.default\">\n\t\t\t\t<div class=\"elementor-widget-container\">\n\t\t\t\t\t<h4 class=\"elementor-heading-title elementor-size-default\">14\u1d40\u1d34 CRPA SYMPOSIUM<\/h4>\t\t\t\t<\/div>\n\t\t\t\t<\/div>\n\t\t\t\t<div class=\"elementor-element elementor-element-3d289d7d elementor-widget-mobile__width-inherit elementor-widget elementor-widget-jkit_animated_text\" data-id=\"3d289d7d\" data-element_type=\"widget\" data-widget_type=\"jkit_animated_text.default\">\n\t\t\t\t<div class=\"elementor-widget-container\">\n\t\t\t\t\t<div  class=\"jeg-elementor-kit jkit-animated-text jeg_module___69f478e6f0341\"  data-style=\"highlighted\" data-text=\"Us\" data-shape=\"underline\"><h1 class=\"animated-text\"><span class=\"normal-text style-color\">Contact <\/span><span class=\"dynamic-wrapper style-color\"><span class=\"dynamic-text\">Us<\/span><svg xmlns=\"http:\/\/www.w3.org\/2000\/svg\" viewBox=\"0 0 500 150\" preserveAspectRatio=\"none\"><path class=\"style-color\"  d=\"M3,77.5s200.54-11,493,0\" transform=\"translate(-2.75 -68.11)\"\/><\/svg><\/span><span class=\"normal-text style-color\"><\/span><\/h1><\/div>\t\t\t\t<\/div>\n\t\t\t\t<\/div>\n\t\t\t\t\t<\/div>\n\t\t<\/div>\n\t\t\t\t\t<\/div>\n\t\t<\/section>\n\t\t\t\t<section class=\"elementor-section elementor-top-section elementor-element elementor-element-75812641 elementor-section-boxed elementor-section-height-default elementor-section-height-default\" data-id=\"75812641\" data-element_type=\"section\">\n\t\t\t\t\t\t<div class=\"elementor-container elementor-column-gap-default\">\n\t\t\t\t\t<div class=\"elementor-column elementor-col-100 elementor-top-column elementor-element elementor-element-7ae5981f\" data-id=\"7ae5981f\" data-element_type=\"column\" data-settings=\"{&quot;background_background&quot;:&quot;classic&quot;}\">\n\t\t\t<div class=\"elementor-widget-wrap elementor-element-populated\">\n\t\t\t\t\t\t<section class=\"elementor-section elementor-inner-section elementor-element elementor-element-658f423b elementor-section-boxed elementor-section-height-default elementor-section-height-default\" data-id=\"658f423b\" data-element_type=\"section\">\n\t\t\t\t\t\t<div class=\"elementor-container elementor-column-gap-default\">\n\t\t\t\t\t<div class=\"elementor-column elementor-col-50 elementor-inner-column elementor-element elementor-element-6d6e51c6\" data-id=\"6d6e51c6\" data-element_type=\"column\" data-settings=\"{&quot;background_background&quot;:&quot;classic&quot;}\">\n\t\t\t<div class=\"elementor-widget-wrap elementor-element-populated\">\n\t\t\t\t\t\t<div class=\"elementor-element elementor-element-6796ee2e elementor-widget__width-inherit elementor-widget elementor-widget-jkit_heading\" data-id=\"6796ee2e\" data-element_type=\"widget\" data-widget_type=\"jkit_heading.default\">\n\t\t\t\t<div class=\"elementor-widget-container\">\n\t\t\t\t\t<div  class=\"jeg-elementor-kit jkit-heading  align- align-tablet- align-mobile- jeg_module__1_69f478e6f31bf\" ><div class=\"heading-section-title  display-inline-block\"><h3 class=\"heading-title\"><span class=\"style-color\"><span>Have a question?<\/span><\/span><\/h3><\/div><\/div>\t\t\t\t<\/div>\n\t\t\t\t<\/div>\n\t\t\t\t<div class=\"elementor-element elementor-element-6fad6353 elementor-widget__width-inherit elementor-widget elementor-widget-text-editor\" data-id=\"6fad6353\" data-element_type=\"widget\" data-widget_type=\"text-editor.default\">\n\t\t\t\t<div class=\"elementor-widget-container\">\n\t\t\t\t\t\t\t\t\tEmail: <a href=\"mailto:info@hdzz.hr\">info@hdzz.hr<\/a>\nWeb:\u00a0<a href=\"http:\/\/www.hdzz.hr\/\">www.hdzz.hr<\/a>\t\t\t\t\t\t\t\t<\/div>\n\t\t\t\t<\/div>\n\t\t\t\t<div class=\"elementor-element elementor-element-a48d29e elementor-widget elementor-widget-wp-widget-gform_widget\" data-id=\"a48d29e\" data-element_type=\"widget\" data-widget_type=\"wp-widget-gform_widget.default\">\n\t\t\t\t<div class=\"elementor-widget-container\">\n\t\t\t\t\t<script src=\"https:\/\/simpozij14.hdzz.hr\/wp-includes\/js\/dist\/dom-ready.min.js?ver=f77871ff7694fffea381\" id=\"wp-dom-ready-js\"><\/script>\n<script src=\"https:\/\/simpozij14.hdzz.hr\/wp-includes\/js\/dist\/hooks.min.js?ver=dd5603f07f9220ed27f1\" id=\"wp-hooks-js\"><\/script>\n<script src=\"https:\/\/simpozij14.hdzz.hr\/wp-includes\/js\/dist\/i18n.min.js?ver=c26c3dc7bed366793375\" id=\"wp-i18n-js\"><\/script>\n<script id=\"wp-i18n-js-after\">\nwp.i18n.setLocaleData( { 'text direction\\u0004ltr': [ 'ltr' ] } );\n\/\/# sourceURL=wp-i18n-js-after\n<\/script>\n<script src=\"https:\/\/simpozij14.hdzz.hr\/wp-includes\/js\/dist\/a11y.min.js?ver=cb460b4676c94bd228ed\" id=\"wp-a11y-js\"><\/script>\n<script src=\"https:\/\/simpozij14.hdzz.hr\/wp-includes\/js\/jquery\/jquery.min.js?ver=3.7.1\" id=\"jquery-core-js\"><\/script>\n<script src=\"https:\/\/simpozij14.hdzz.hr\/wp-includes\/js\/jquery\/jquery-migrate.min.js?ver=3.4.1\" id=\"jquery-migrate-js\"><\/script>\n<script defer='defer' src=\"https:\/\/simpozij14.hdzz.hr\/wp-content\/plugins\/gravityforms\/js\/jquery.json.min.js?ver=2.10.1\" id=\"gform_json-js\"><\/script>\n<script id=\"gform_gravityforms-js-extra\">\nvar gf_global = {\"gf_currency_config\":{\"name\":\"Euro\",\"symbol_left\":\"\",\"symbol_right\":\"&#8364;\",\"symbol_padding\":\" \",\"thousand_separator\":\".\",\"decimal_separator\":\",\",\"decimals\":2,\"code\":\"EUR\"},\"base_url\":\"https:\/\/simpozij14.hdzz.hr\/wp-content\/plugins\/gravityforms\",\"number_formats\":[],\"spinnerUrl\":\"https:\/\/simpozij14.hdzz.hr\/wp-content\/plugins\/gravityforms\/images\/spinner.svg\",\"version_hash\":\"8f2f00e5d11772836060cc9357e9ddc5\",\"strings\":{\"newRowAdded\":\"New row added.\",\"rowRemoved\":\"Row removed\",\"formSaved\":\"The form has been saved.  The content contains the link to return and complete the form.\"}};\n\/\/# sourceURL=gform_gravityforms-js-extra\n<\/script>\n<script defer='defer' src=\"https:\/\/simpozij14.hdzz.hr\/wp-content\/plugins\/gravityforms\/js\/gravityforms.min.js?ver=2.10.1\" id=\"gform_gravityforms-js\"><\/script>\n<script defer='defer' src=\"https:\/\/simpozij14.hdzz.hr\/wp-content\/plugins\/gravityforms\/js\/placeholders.jquery.min.js?ver=2.10.1\" id=\"gform_placeholder-js\"><\/script>\n\t\t\t\t<\/div>\n\t\t\t\t<\/div>\n\t\t\t\t\t<\/div>\n\t\t<\/div>\n\t\t\t\t<div class=\"elementor-column elementor-col-50 elementor-inner-column elementor-element elementor-element-21acebbe\" data-id=\"21acebbe\" data-element_type=\"column\" data-settings=\"{&quot;background_background&quot;:&quot;classic&quot;}\">\n\t\t\t<div class=\"elementor-widget-wrap elementor-element-populated\">\n\t\t\t\t\t<div class=\"elementor-background-overlay\"><\/div>\n\t\t\t\t\t\t<div class=\"elementor-element elementor-element-5354864c elementor-widget__width-inherit elementor-widget elementor-widget-text-editor\" data-id=\"5354864c\" data-element_type=\"widget\" data-widget_type=\"text-editor.default\">\n\t\t\t\t<div class=\"elementor-widget-container\">\n\t\t\t\t\t\t\t\t\tOrganizing committee of 14\u1d40\u1d34\u00a0 CRPA symposium\t\t\t\t\t\t\t\t<\/div>\n\t\t\t\t<\/div>\n\t\t\t\t<section class=\"elementor-section elementor-inner-section elementor-element elementor-element-4d586c78 elementor-section-content-middle elementor-section-boxed elementor-section-height-default elementor-section-height-default\" data-id=\"4d586c78\" data-element_type=\"section\">\n\t\t\t\t\t\t<div class=\"elementor-container elementor-column-gap-no\">\n\t\t\t\t\t<div class=\"elementor-column elementor-col-50 elementor-inner-column elementor-element elementor-element-4ddd402b\" data-id=\"4ddd402b\" data-element_type=\"column\">\n\t\t\t<div class=\"elementor-widget-wrap elementor-element-populated\">\n\t\t\t\t\t\t<div class=\"elementor-element elementor-element-510acea0 elementor-widget-mobile__width-auto elementor-widget elementor-widget-image\" data-id=\"510acea0\" data-element_type=\"widget\" data-widget_type=\"image.default\">\n\t\t\t\t<div class=\"elementor-widget-container\">\n\t\t\t\t\t\t\t\t\t\t\t\t\t\t\t<img fetchpriority=\"high\" decoding=\"async\" width=\"418\" height=\"390\" src=\"https:\/\/simpozij14.hdzz.hr\/wp-content\/uploads\/2024\/10\/crpa-w-en.png\" class=\"attachment-full size-full wp-image-1179\" alt=\"\" srcset=\"https:\/\/simpozij14.hdzz.hr\/wp-content\/uploads\/2024\/10\/crpa-w-en.png 418w, https:\/\/simpozij14.hdzz.hr\/wp-content\/uploads\/2024\/10\/crpa-w-en-300x280.png 300w\" sizes=\"(max-width: 418px) 100vw, 418px\" \/>\t\t\t\t\t\t\t\t\t\t\t\t\t\t\t<\/div>\n\t\t\t\t<\/div>\n\t\t\t\t\t<\/div>\n\t\t<\/div>\n\t\t\t\t<div class=\"elementor-column elementor-col-50 elementor-inner-column elementor-element elementor-element-136df020\" data-id=\"136df020\" data-element_type=\"column\">\n\t\t\t<div class=\"elementor-widget-wrap\">\n\t\t\t\t\t\t\t<\/div>\n\t\t<\/div>\n\t\t\t\t\t<\/div>\n\t\t<\/section>\n\t\t\t\t\t<\/div>\n\t\t<\/div>\n\t\t\t\t\t<\/div>\n\t\t<\/section>\n\t\t\t\t\t<\/div>\n\t\t<\/div>\n\t\t\t\t\t<\/div>\n\t\t<\/section>\n\t\t\t\t<section class=\"elementor-section elementor-top-section elementor-element elementor-element-35d3bedc elementor-section-boxed elementor-section-height-default elementor-section-height-default\" data-id=\"35d3bedc\" data-element_type=\"section\">\n\t\t\t\t\t\t<div class=\"elementor-container elementor-column-gap-default\">\n\t\t\t\t\t<div class=\"elementor-column elementor-col-33 elementor-top-column elementor-element elementor-element-5d32f8da\" data-id=\"5d32f8da\" data-element_type=\"column\">\n\t\t\t<div class=\"elementor-widget-wrap elementor-element-populated\">\n\t\t\t\t\t\t<div class=\"elementor-element elementor-element-1541fa08 jkit-equal-height-disable elementor-widget elementor-widget-jkit_icon_box\" data-id=\"1541fa08\" data-element_type=\"widget\" data-widget_type=\"jkit_icon_box.default\">\n\t\t\t\t<div class=\"elementor-widget-container\">\n\t\t\t\t\t<div  class=\"jeg-elementor-kit jkit-icon-box icon-position-top elementor-animation- jeg_module__2_69f478e70871d\" ><div class=\"jkit-icon-box-wrapper hover-from-left\"><div class=\"icon-box icon-box-header elementor-animation-float\"><div class=\"icon style-color\"><i aria-hidden=\"true\" class=\"jki jki-map-marker1-light\"><\/i><\/div><\/div><div class=\"icon-box icon-box-body\">\n                <h6 class=\"title\">LOCATION<\/h6><p class=\"icon-box-description\">Bijeni\u010dka cesta 54, HR-10 000 Zagreb\n<\/p>\n            <\/div>\n            \n            <\/div><\/div>\t\t\t\t<\/div>\n\t\t\t\t<\/div>\n\t\t\t\t\t<\/div>\n\t\t<\/div>\n\t\t\t\t<div class=\"elementor-column elementor-col-33 elementor-top-column elementor-element elementor-element-5dd2902a\" data-id=\"5dd2902a\" data-element_type=\"column\">\n\t\t\t<div class=\"elementor-widget-wrap elementor-element-populated\">\n\t\t\t\t\t\t<div class=\"elementor-element elementor-element-5f6b77a1 jkit-equal-height-disable elementor-widget elementor-widget-jkit_icon_box\" data-id=\"5f6b77a1\" data-element_type=\"widget\" data-widget_type=\"jkit_icon_box.default\">\n\t\t\t\t<div class=\"elementor-widget-container\">\n\t\t\t\t\t<div  class=\"jeg-elementor-kit jkit-icon-box icon-position-top elementor-animation- jeg_module__3_69f478e7090e2\" ><div class=\"jkit-icon-box-wrapper hover-from-left\"><div class=\"icon-box icon-box-header elementor-animation-float\"><div class=\"icon style-color\"><i aria-hidden=\"true\" class=\"jki jki-envelope1-light\"><\/i><\/div><\/div><div class=\"icon-box icon-box-body\">\n                <h6 class=\"title\">Email<\/h6><p class=\"icon-box-description\">info@hdzz.hr<\/p>\n            <\/div>\n            \n            <\/div><\/div>\t\t\t\t<\/div>\n\t\t\t\t<\/div>\n\t\t\t\t\t<\/div>\n\t\t<\/div>\n\t\t\t\t<div class=\"elementor-column elementor-col-33 elementor-top-column elementor-element elementor-element-b22755f\" data-id=\"b22755f\" data-element_type=\"column\">\n\t\t\t<div class=\"elementor-widget-wrap elementor-element-populated\">\n\t\t\t\t\t\t<div class=\"elementor-element elementor-element-6f127811 jkit-equal-height-disable elementor-widget elementor-widget-jkit_icon_box\" data-id=\"6f127811\" data-element_type=\"widget\" data-widget_type=\"jkit_icon_box.default\">\n\t\t\t\t<div class=\"elementor-widget-container\">\n\t\t\t\t\t<div  class=\"jeg-elementor-kit jkit-icon-box icon-position-top elementor-animation- jeg_module__4_69f478e7096f7\" ><div class=\"jkit-icon-box-wrapper hover-from-left\"><div class=\"icon-box icon-box-header elementor-animation-float\"><div class=\"icon style-color\"><i aria-hidden=\"true\" class=\"jki jki-globe-americas-solid\"><\/i><\/div><\/div><div class=\"icon-box icon-box-body\">\n                <h6 class=\"title\">WEB<\/h6><p class=\"icon-box-description\">www.hdzz.hr<\/p>\n            <\/div>\n            \n            <\/div><\/div>\t\t\t\t<\/div>\n\t\t\t\t<\/div>\n\t\t\t\t\t<\/div>\n\t\t<\/div>\n\t\t\t\t\t<\/div>\n\t\t<\/section>\n\t\t\t\t<section class=\"elementor-section elementor-top-section elementor-element elementor-element-280946f9 elementor-section-boxed elementor-section-height-default elementor-section-height-default\" data-id=\"280946f9\" data-element_type=\"section\">\n\t\t\t\t\t\t<div class=\"elementor-container elementor-column-gap-default\">\n\t\t\t\t\t<div class=\"elementor-column elementor-col-100 elementor-top-column elementor-element elementor-element-7cccb592\" data-id=\"7cccb592\" data-element_type=\"column\">\n\t\t\t<div class=\"elementor-widget-wrap elementor-element-populated\">\n\t\t\t\t\t\t<div class=\"elementor-element elementor-element-4bab53e6 elementor-widget elementor-widget-google_maps\" data-id=\"4bab53e6\" data-element_type=\"widget\" data-widget_type=\"google_maps.default\">\n\t\t\t\t<div class=\"elementor-widget-container\">\n\t\t\t\t\t\t\t<div class=\"elementor-custom-embed\">\n\t\t\t<iframe loading=\"lazy\"\n\t\t\t\t\tsrc=\"https:\/\/maps.google.com\/maps?q=Bijeni%C4%8Dka%20cesta%2054%2C%20HR-10%20000%20Zagreb&#038;t=m&#038;z=15&#038;output=embed&#038;iwloc=near\"\n\t\t\t\t\ttitle=\"Bijeni\u010dka cesta 54, HR-10 000 Zagreb\"\n\t\t\t\t\taria-label=\"Bijeni\u010dka cesta 54, HR-10 000 Zagreb\"\n\t\t\t><\/iframe>\n\t\t<\/div>\n\t\t\t\t\t\t<\/div>\n\t\t\t\t<\/div>\n\t\t\t\t\t<\/div>\n\t\t<\/div>\n\t\t\t\t\t<\/div>\n\t\t<\/section>\n\t\t\t\t<\/div>\n\t\t","protected":false},"excerpt":{"rendered":"<p>14\u1d40\u1d34 CRPA SYMPOSIUM Contact Us Have a question? Email: info@hdzz.hr Web:\u00a0www.hdzz.hrOrganizing committee of 14\u1d40\u1d34\u00a0 CRPA symposium LOCATION Bijeni\u010dka cesta 54, HR-10 000 Zagreb Email info@hdzz.hr WEB www.hdzz.hr<\/p>\n","protected":false},"author":2,"featured_media":0,"parent":0,"menu_order":0,"comment_status":"closed","ping_status":"closed","template":"","meta":{"footnotes":"","_links_to":"","_links_to_target":""},"class_list":["post-1177","page","type-page","status-publish","hentry"],"yoast_head":"<!-- This site is optimized with the Yoast SEO plugin v25.0 - https:\/\/yoast.com\/wordpress\/plugins\/seo\/ -->\n<title>Contact - 14. simpozij Hrvatskog dru\u0161tva za za\u0161titu od zra\u010denja<\/title>\n<meta name=\"robots\" content=\"index, follow, max-snippet:-1, max-image-preview:large, max-video-preview:-1\" \/>\n<link rel=\"canonical\" href=\"https:\/\/simpozij14.hdzz.hr\/contact\/\" \/>\n<meta property=\"og:locale\" content=\"en_US\" \/>\n<meta property=\"og:type\" content=\"article\" \/>\n<meta property=\"og:title\" content=\"Contact - 14. simpozij Hrvatskog dru\u0161tva za za\u0161titu od zra\u010denja\" \/>\n<meta property=\"og:description\" content=\"14\u1d40\u1d34 CRPA SYMPOSIUM Contact Us Have a question? Email: info@hdzz.hr Web:\u00a0www.hdzz.hrOrganizing committee of 14\u1d40\u1d34\u00a0 CRPA symposium LOCATION Bijeni\u010dka cesta 54, HR-10 000 Zagreb Email info@hdzz.hr WEB www.hdzz.hr\" \/>\n<meta property=\"og:url\" content=\"https:\/\/simpozij14.hdzz.hr\/contact\/\" \/>\n<meta property=\"og:site_name\" content=\"14. simpozij Hrvatskog dru\u0161tva za za\u0161titu od zra\u010denja\" \/>\n<meta property=\"article:modified_time\" content=\"2025-04-22T08:06:25+00:00\" \/>\n<meta property=\"og:image\" content=\"https:\/\/simpozij14.hdzz.hr\/wp-content\/uploads\/2024\/10\/crpa-w-en.png\" \/>\n\t<meta property=\"og:image:width\" content=\"418\" \/>\n\t<meta property=\"og:image:height\" content=\"390\" \/>\n\t<meta property=\"og:image:type\" content=\"image\/png\" \/>\n<meta name=\"twitter:card\" content=\"summary_large_image\" \/>\n<meta name=\"twitter:label1\" content=\"Est. reading time\" \/>\n\t<meta name=\"twitter:data1\" content=\"1 minute\" \/>\n<script type=\"application\/ld+json\" class=\"yoast-schema-graph\">{\"@context\":\"https:\/\/schema.org\",\"@graph\":[{\"@type\":\"WebPage\",\"@id\":\"https:\/\/simpozij14.hdzz.hr\/contact\/\",\"url\":\"https:\/\/simpozij14.hdzz.hr\/contact\/\",\"name\":\"Contact - 14. simpozij Hrvatskog dru\u0161tva za za\u0161titu od zra\u010denja\",\"isPartOf\":{\"@id\":\"https:\/\/simpozij14.hdzz.hr\/#website\"},\"primaryImageOfPage\":{\"@id\":\"https:\/\/simpozij14.hdzz.hr\/contact\/#primaryimage\"},\"image\":{\"@id\":\"https:\/\/simpozij14.hdzz.hr\/contact\/#primaryimage\"},\"thumbnailUrl\":\"https:\/\/simpozij14.hdzz.hr\/wp-content\/uploads\/2024\/10\/crpa-w-en.png\",\"datePublished\":\"2024-06-25T07:57:33+00:00\",\"dateModified\":\"2025-04-22T08:06:25+00:00\",\"breadcrumb\":{\"@id\":\"https:\/\/simpozij14.hdzz.hr\/contact\/#breadcrumb\"},\"inLanguage\":\"en-US\",\"potentialAction\":[{\"@type\":\"ReadAction\",\"target\":[\"https:\/\/simpozij14.hdzz.hr\/contact\/\"]}]},{\"@type\":\"ImageObject\",\"inLanguage\":\"en-US\",\"@id\":\"https:\/\/simpozij14.hdzz.hr\/contact\/#primaryimage\",\"url\":\"https:\/\/simpozij14.hdzz.hr\/wp-content\/uploads\/2024\/10\/crpa-w-en.png\",\"contentUrl\":\"https:\/\/simpozij14.hdzz.hr\/wp-content\/uploads\/2024\/10\/crpa-w-en.png\"},{\"@type\":\"BreadcrumbList\",\"@id\":\"https:\/\/simpozij14.hdzz.hr\/contact\/#breadcrumb\",\"itemListElement\":[{\"@type\":\"ListItem\",\"position\":1,\"name\":\"Home\",\"item\":\"https:\/\/simpozij14.hdzz.hr\/home\/\"},{\"@type\":\"ListItem\",\"position\":2,\"name\":\"Contact\"}]},{\"@type\":\"WebSite\",\"@id\":\"https:\/\/simpozij14.hdzz.hr\/#website\",\"url\":\"https:\/\/simpozij14.hdzz.hr\/\",\"name\":\"14. simpozij Hrvatskog dru\u0161tva za za\u0161titu od zra\u010denja\",\"description\":\"\",\"publisher\":{\"@id\":\"https:\/\/simpozij14.hdzz.hr\/#organization\"},\"potentialAction\":[{\"@type\":\"SearchAction\",\"target\":{\"@type\":\"EntryPoint\",\"urlTemplate\":\"https:\/\/simpozij14.hdzz.hr\/?s={search_term_string}\"},\"query-input\":{\"@type\":\"PropertyValueSpecification\",\"valueRequired\":true,\"valueName\":\"search_term_string\"}}],\"inLanguage\":\"en-US\"},{\"@type\":\"Organization\",\"@id\":\"https:\/\/simpozij14.hdzz.hr\/#organization\",\"name\":\"14. simpozij Hrvatskog dru\u0161tva za za\u0161titu od zra\u010denja\",\"url\":\"https:\/\/simpozij14.hdzz.hr\/\",\"logo\":{\"@type\":\"ImageObject\",\"inLanguage\":\"en-US\",\"@id\":\"https:\/\/simpozij14.hdzz.hr\/#\/schema\/logo\/image\/\",\"url\":\"https:\/\/simpozij14.hdzz.hr\/wp-content\/uploads\/2024\/06\/hdzz-w-hr.png\",\"contentUrl\":\"https:\/\/simpozij14.hdzz.hr\/wp-content\/uploads\/2024\/06\/hdzz-w-hr.png\",\"width\":394,\"height\":376,\"caption\":\"14. simpozij Hrvatskog dru\u0161tva za za\u0161titu od zra\u010denja\"},\"image\":{\"@id\":\"https:\/\/simpozij14.hdzz.hr\/#\/schema\/logo\/image\/\"}}]}<\/script>\n<!-- \/ Yoast SEO plugin. -->","yoast_head_json":{"title":"Contact - 14. simpozij Hrvatskog dru\u0161tva za za\u0161titu od zra\u010denja","robots":{"index":"index","follow":"follow","max-snippet":"max-snippet:-1","max-image-preview":"max-image-preview:large","max-video-preview":"max-video-preview:-1"},"canonical":"https:\/\/simpozij14.hdzz.hr\/contact\/","og_locale":"en_US","og_type":"article","og_title":"Contact - 14. simpozij Hrvatskog dru\u0161tva za za\u0161titu od zra\u010denja","og_description":"14\u1d40\u1d34 CRPA SYMPOSIUM Contact Us Have a question? Email: info@hdzz.hr Web:\u00a0www.hdzz.hrOrganizing committee of 14\u1d40\u1d34\u00a0 CRPA symposium LOCATION Bijeni\u010dka cesta 54, HR-10 000 Zagreb Email info@hdzz.hr WEB www.hdzz.hr","og_url":"https:\/\/simpozij14.hdzz.hr\/contact\/","og_site_name":"14. simpozij Hrvatskog dru\u0161tva za za\u0161titu od zra\u010denja","article_modified_time":"2025-04-22T08:06:25+00:00","og_image":[{"width":418,"height":390,"url":"https:\/\/simpozij14.hdzz.hr\/wp-content\/uploads\/2024\/10\/crpa-w-en.png","type":"image\/png"}],"twitter_card":"summary_large_image","twitter_misc":{"Est. reading time":"1 minute"},"schema":{"@context":"https:\/\/schema.org","@graph":[{"@type":"WebPage","@id":"https:\/\/simpozij14.hdzz.hr\/contact\/","url":"https:\/\/simpozij14.hdzz.hr\/contact\/","name":"Contact - 14. simpozij Hrvatskog dru\u0161tva za za\u0161titu od zra\u010denja","isPartOf":{"@id":"https:\/\/simpozij14.hdzz.hr\/#website"},"primaryImageOfPage":{"@id":"https:\/\/simpozij14.hdzz.hr\/contact\/#primaryimage"},"image":{"@id":"https:\/\/simpozij14.hdzz.hr\/contact\/#primaryimage"},"thumbnailUrl":"https:\/\/simpozij14.hdzz.hr\/wp-content\/uploads\/2024\/10\/crpa-w-en.png","datePublished":"2024-06-25T07:57:33+00:00","dateModified":"2025-04-22T08:06:25+00:00","breadcrumb":{"@id":"https:\/\/simpozij14.hdzz.hr\/contact\/#breadcrumb"},"inLanguage":"en-US","potentialAction":[{"@type":"ReadAction","target":["https:\/\/simpozij14.hdzz.hr\/contact\/"]}]},{"@type":"ImageObject","inLanguage":"en-US","@id":"https:\/\/simpozij14.hdzz.hr\/contact\/#primaryimage","url":"https:\/\/simpozij14.hdzz.hr\/wp-content\/uploads\/2024\/10\/crpa-w-en.png","contentUrl":"https:\/\/simpozij14.hdzz.hr\/wp-content\/uploads\/2024\/10\/crpa-w-en.png"},{"@type":"BreadcrumbList","@id":"https:\/\/simpozij14.hdzz.hr\/contact\/#breadcrumb","itemListElement":[{"@type":"ListItem","position":1,"name":"Home","item":"https:\/\/simpozij14.hdzz.hr\/home\/"},{"@type":"ListItem","position":2,"name":"Contact"}]},{"@type":"WebSite","@id":"https:\/\/simpozij14.hdzz.hr\/#website","url":"https:\/\/simpozij14.hdzz.hr\/","name":"14. simpozij Hrvatskog dru\u0161tva za za\u0161titu od zra\u010denja","description":"","publisher":{"@id":"https:\/\/simpozij14.hdzz.hr\/#organization"},"potentialAction":[{"@type":"SearchAction","target":{"@type":"EntryPoint","urlTemplate":"https:\/\/simpozij14.hdzz.hr\/?s={search_term_string}"},"query-input":{"@type":"PropertyValueSpecification","valueRequired":true,"valueName":"search_term_string"}}],"inLanguage":"en-US"},{"@type":"Organization","@id":"https:\/\/simpozij14.hdzz.hr\/#organization","name":"14. simpozij Hrvatskog dru\u0161tva za za\u0161titu od zra\u010denja","url":"https:\/\/simpozij14.hdzz.hr\/","logo":{"@type":"ImageObject","inLanguage":"en-US","@id":"https:\/\/simpozij14.hdzz.hr\/#\/schema\/logo\/image\/","url":"https:\/\/simpozij14.hdzz.hr\/wp-content\/uploads\/2024\/06\/hdzz-w-hr.png","contentUrl":"https:\/\/simpozij14.hdzz.hr\/wp-content\/uploads\/2024\/06\/hdzz-w-hr.png","width":394,"height":376,"caption":"14. simpozij Hrvatskog dru\u0161tva za za\u0161titu od zra\u010denja"},"image":{"@id":"https:\/\/simpozij14.hdzz.hr\/#\/schema\/logo\/image\/"}}]}},"_links":{"self":[{"href":"https:\/\/simpozij14.hdzz.hr\/en\/wp-json\/wp\/v2\/pages\/1177","targetHints":{"allow":["GET"]}}],"collection":[{"href":"https:\/\/simpozij14.hdzz.hr\/en\/wp-json\/wp\/v2\/pages"}],"about":[{"href":"https:\/\/simpozij14.hdzz.hr\/en\/wp-json\/wp\/v2\/types\/page"}],"author":[{"embeddable":true,"href":"https:\/\/simpozij14.hdzz.hr\/en\/wp-json\/wp\/v2\/users\/2"}],"replies":[{"embeddable":true,"href":"https:\/\/simpozij14.hdzz.hr\/en\/wp-json\/wp\/v2\/comments?post=1177"}],"version-history":[{"count":22,"href":"https:\/\/simpozij14.hdzz.hr\/en\/wp-json\/wp\/v2\/pages\/1177\/revisions"}],"predecessor-version":[{"id":2635,"href":"https:\/\/simpozij14.hdzz.hr\/en\/wp-json\/wp\/v2\/pages\/1177\/revisions\/2635"}],"wp:attachment":[{"href":"https:\/\/simpozij14.hdzz.hr\/en\/wp-json\/wp\/v2\/media?parent=1177"}],"curies":[{"name":"wp","href":"https:\/\/api.w.org\/{rel}","templated":true}]}}